{"id":64756,"date":"2026-04-19T07:16:54","date_gmt":"2026-04-19T07:16:54","guid":{"rendered":"https:\/\/profitstore.pl\/index.php\/produkt\/filtr-eu5-do-salda-veka-850-353x291x300\/"},"modified":"2026-04-19T07:16:56","modified_gmt":"2026-04-19T07:16:56","slug":"filtr-eu5-do-salda-veka-850-353x291x300","status":"publish","type":"product","link":"https:\/\/profitstore.pl\/index.php\/produkt\/filtr-eu5-do-salda-veka-850-353x291x300\/","title":{"rendered":"Filtr EU5 do SALDA VEKA 850 (353x291x300)"},"content":{"rendered":"<p>Filtr montowany w centralach SALDA: VEKA 850-2,0 L1 VEKA 850-3,0 VEKA 850-5,0 VEKA 850-6,0 VEKA 850-9,0 VEKA 850-12,0 Filtr jest zamiennikiem, nazwy marek i urz\u0105dze\u0144 zosta\u0142y u\u017cyte w celu identyfikacji produktu.<\/p>\n<p>Poni\u017cej przedstawiamy sprzedawany produkt:<\/p>\n<p><img src=\"https:\/\/pureventfilters.eu\/4414-large_default\/filtr-eu5-salda-veka-850-353x291x300.jpg\" alt=\"Filtr EU5 do SALDA VEKA 850 (353x291x300)\" \/><\/p>\n","protected":false},"excerpt":{"rendered":"<p>Filtr montowany w centralach SALDA: VEKA 850-2,0 L1 VEKA 850-3,0 VEKA 850-5,0 VEKA 850-6,0 VEKA 850-9,0 VEKA 850-12,0 Filtr jest zamiennikiem, nazwy marek i urz\u0105dze\u0144 zosta\u0142y u\u017cyte w celu identyfikacji produktu. Poni\u017cej przedstawiamy sprzedawany produkt:<\/p>\n","protected":false},"featured_media":123128,"template":"","meta":[],"_links":{"self":[{"href":"https:\/\/profitstore.pl\/index.php\/wp-json\/wp\/v2\/product\/64756"}],"collection":[{"href":"https:\/\/profitstore.pl\/index.php\/wp-json\/wp\/v2\/product"}],"about":[{"href":"https:\/\/profitstore.pl\/index.php\/wp-json\/wp\/v2\/types\/product"}],"wp:featuredmedia":[{"embeddable":true,"href":"https:\/\/profitstore.pl\/index.php\/wp-json\/wp\/v2\/media\/123128"}],"wp:attachment":[{"href":"https:\/\/profitstore.pl\/index.php\/wp-json\/wp\/v2\/media?parent=64756"}],"curies":[{"name":"wp","href":"https:\/\/api.w.org\/{rel}","templated":true}]}}