{"id":64753,"date":"2026-04-18T17:08:57","date_gmt":"2026-04-18T17:08:57","guid":{"rendered":"https:\/\/profitstore.pl\/index.php\/produkt\/filtr-eu5-do-systemair-kk-kf-127-1148x405x94\/"},"modified":"2026-04-18T17:08:58","modified_gmt":"2026-04-18T17:08:58","slug":"filtr-eu5-do-systemair-kk-kf-127-1148x405x94","status":"publish","type":"product","link":"https:\/\/profitstore.pl\/index.php\/produkt\/filtr-eu5-do-systemair-kk-kf-127-1148x405x94\/","title":{"rendered":"Filtr EU5 do SYSTEMAIR KK\/KF 127 (1148x405x94)"},"content":{"rendered":"<p>Filtr kasetowy klasy F5\/EU5 pasuj\u0105cych do centrali wentylacyjnej\u00a0 SYSTEMAIR KK\/KF 127. Zamiennik filtra o kodzie Cassettenfilter F5 ,\u00a0304741 Filtry s\u0105 zamiennikami, nazwy producent\u00f3w i marek zosta\u0142y u\u017cyte w celu identyfikacji produktu.<\/p>\n<p>Poni\u017cej przedstawiamy sprzedawany produkt:<\/p>\n<p><img src=\"https:\/\/pureventfilters.eu\/4081-large_default\/filtr-eu5-do-systemair-kkkf-127-1148x405x94.jpg\" alt=\"Filtr EU5 do SYSTEMAIR KK\/KF 127 (1148x405x94)\" \/><\/p>\n","protected":false},"excerpt":{"rendered":"<p>Filtr kasetowy klasy F5\/EU5 pasuj\u0105cych do centrali wentylacyjnej\u00a0 SYSTEMAIR KK\/KF 127. Zamiennik filtra o kodzie Cassettenfilter F5 ,\u00a0304741 Filtry s\u0105 zamiennikami, nazwy producent\u00f3w i marek zosta\u0142y u\u017cyte w celu identyfikacji produktu. Poni\u017cej przedstawiamy sprzedawany produkt:<\/p>\n","protected":false},"featured_media":64754,"template":"","meta":[],"_links":{"self":[{"href":"https:\/\/profitstore.pl\/index.php\/wp-json\/wp\/v2\/product\/64753"}],"collection":[{"href":"https:\/\/profitstore.pl\/index.php\/wp-json\/wp\/v2\/product"}],"about":[{"href":"https:\/\/profitstore.pl\/index.php\/wp-json\/wp\/v2\/types\/product"}],"wp:featuredmedia":[{"embeddable":true,"href":"https:\/\/profitstore.pl\/index.php\/wp-json\/wp\/v2\/media\/64754"}],"wp:attachment":[{"href":"https:\/\/profitstore.pl\/index.php\/wp-json\/wp\/v2\/media?parent=64753"}],"curies":[{"name":"wp","href":"https:\/\/api.w.org\/{rel}","templated":true}]}}