{"id":64744,"date":"2026-04-18T17:08:55","date_gmt":"2026-04-18T17:08:55","guid":{"rendered":"https:\/\/profitstore.pl\/index.php\/produkt\/filtr-eu7-do-systemair-kk-kf-042-615x545x94\/"},"modified":"2026-04-18T17:08:55","modified_gmt":"2026-04-18T17:08:55","slug":"filtr-eu7-do-systemair-kk-kf-042-615x545x94","status":"publish","type":"product","link":"https:\/\/profitstore.pl\/index.php\/produkt\/filtr-eu7-do-systemair-kk-kf-042-615x545x94\/","title":{"rendered":"Filtr EU7 do SYSTEMAIR KK\/KF 042 (615x545x94)"},"content":{"rendered":"<p>Filtr kasetowy klasy F7\/EU7 pasuj\u0105cych do centrali wentylacyjnej\u00a0 SYSTEMAIR KK\/KF 042. Zamiennik filtra o kodzie\u00a0Cassettenfilter \u00a0F7, 303572 Filtry s\u0105 zamiennikami, nazwy producent\u00f3w i marek zosta\u0142y u\u017cyte w celu identyfikacji produktu.<\/p>\n<p>Poni\u017cej przedstawiamy sprzedawany produkt:<\/p>\n<p><img src=\"https:\/\/pureventfilters.eu\/4071-large_default\/filtr-eu7-do-systemair-kkkf-042-615x545x94.jpg\" alt=\"Filtr EU7 do SYSTEMAIR KK\/KF 042 (615x545x94)\" \/><\/p>\n","protected":false},"excerpt":{"rendered":"<p>Filtr kasetowy klasy F7\/EU7 pasuj\u0105cych do centrali wentylacyjnej\u00a0 SYSTEMAIR KK\/KF 042. Zamiennik filtra o kodzie\u00a0Cassettenfilter \u00a0F7, 303572 Filtry s\u0105 zamiennikami, nazwy producent\u00f3w i marek zosta\u0142y u\u017cyte w celu identyfikacji produktu. Poni\u017cej przedstawiamy sprzedawany produkt:<\/p>\n","protected":false},"featured_media":64745,"template":"","meta":[],"_links":{"self":[{"href":"https:\/\/profitstore.pl\/index.php\/wp-json\/wp\/v2\/product\/64744"}],"collection":[{"href":"https:\/\/profitstore.pl\/index.php\/wp-json\/wp\/v2\/product"}],"about":[{"href":"https:\/\/profitstore.pl\/index.php\/wp-json\/wp\/v2\/types\/product"}],"wp:featuredmedia":[{"embeddable":true,"href":"https:\/\/profitstore.pl\/index.php\/wp-json\/wp\/v2\/media\/64745"}],"wp:attachment":[{"href":"https:\/\/profitstore.pl\/index.php\/wp-json\/wp\/v2\/media?parent=64744"}],"curies":[{"name":"wp","href":"https:\/\/api.w.org\/{rel}","templated":true}]}}