{"id":64723,"date":"2026-04-19T07:16:44","date_gmt":"2026-04-19T07:16:44","guid":{"rendered":"https:\/\/profitstore.pl\/index.php\/produkt\/filtr-eu7-do-systemair-kk-kf-025-455x375x94\/"},"modified":"2026-04-19T07:16:46","modified_gmt":"2026-04-19T07:16:46","slug":"filtr-eu7-do-systemair-kk-kf-025-455x375x94","status":"publish","type":"product","link":"https:\/\/profitstore.pl\/index.php\/produkt\/filtr-eu7-do-systemair-kk-kf-025-455x375x94\/","title":{"rendered":"Filtr EU7 do SYSTEMAIR KK\/KF 025 (455X375X94)"},"content":{"rendered":"<p>Filtr kasetowy klasy F7\/EU7 pasuj\u0105cych do centrali wentylacyjnej\u00a0 SYSTEMAIR KK\/KF\u00a0025. Zamiennik filtra o kodzie\u00a0Cassettenfilter\u00a0 F7,\u00a0303588 Filtry s\u0105 zamiennikami, nazwy producent\u00f3w i marek zosta\u0142y u\u017cyte w celu identyfikacji produktu.<\/p>\n<p>Poni\u017cej przedstawiamy sprzedawany produkt:<\/p>\n<p><img src=\"https:\/\/pureventfilters.eu\/4052-large_default\/filtr-eu7-do-systemair-kkkf-025-455x375x94.jpg\" alt=\"Filtr EU7 do SYSTEMAIR KK\/KF 025 (455X375X94)\" \/><\/p>\n","protected":false},"excerpt":{"rendered":"<p>Filtr kasetowy klasy F7\/EU7 pasuj\u0105cych do centrali wentylacyjnej\u00a0 SYSTEMAIR KK\/KF\u00a0025. Zamiennik filtra o kodzie\u00a0Cassettenfilter\u00a0 F7,\u00a0303588 Filtry s\u0105 zamiennikami, nazwy producent\u00f3w i marek zosta\u0142y u\u017cyte w celu identyfikacji produktu. Poni\u017cej przedstawiamy sprzedawany produkt:<\/p>\n","protected":false},"featured_media":64724,"template":"","meta":[],"_links":{"self":[{"href":"https:\/\/profitstore.pl\/index.php\/wp-json\/wp\/v2\/product\/64723"}],"collection":[{"href":"https:\/\/profitstore.pl\/index.php\/wp-json\/wp\/v2\/product"}],"about":[{"href":"https:\/\/profitstore.pl\/index.php\/wp-json\/wp\/v2\/types\/product"}],"wp:featuredmedia":[{"embeddable":true,"href":"https:\/\/profitstore.pl\/index.php\/wp-json\/wp\/v2\/media\/64724"}],"wp:attachment":[{"href":"https:\/\/profitstore.pl\/index.php\/wp-json\/wp\/v2\/media?parent=64723"}],"curies":[{"name":"wp","href":"https:\/\/api.w.org\/{rel}","templated":true}]}}