{"id":64704,"date":"2026-04-19T17:10:50","date_gmt":"2026-04-19T17:10:50","guid":{"rendered":"https:\/\/profitstore.pl\/index.php\/produkt\/filtr-eu7-do-systemair-save-vtc-700-742x253x94\/"},"modified":"2026-04-19T17:10:51","modified_gmt":"2026-04-19T17:10:51","slug":"filtr-eu7-do-systemair-save-vtc-700-742x253x94","status":"publish","type":"product","link":"https:\/\/profitstore.pl\/index.php\/produkt\/filtr-eu7-do-systemair-save-vtc-700-742x253x94\/","title":{"rendered":"Filtr EU7 do SYSTEMAIR SAVE VTC 700 (742x253x94)"},"content":{"rendered":"<p>Filtr kasetowy klasy F7\/EU7 pasuj\u0105cych do centrali wentylacyjnej\u00a0 SYSTEMAIR SAVE VTC 700. Zamiennik filtra o kodzie MPVTC 700 \u00a0F7, 207472. Filtry s\u0105 zamiennikami, nazwy producent\u00f3w i marek zosta\u0142y u\u017cyte w celu identyfikacji produktu.<\/p>\n<p>Poni\u017cej przedstawiamy sprzedawany produkt:<\/p>\n<p><img src=\"https:\/\/pureventfilters.eu\/4041-large_default\/filtr-eu7-do-systemair-save-vtc-700-742x253x94.jpg\" alt=\"Filtr EU7 do SYSTEMAIR SAVE VTC 700 (742x253x94)\" \/><\/p>\n","protected":false},"excerpt":{"rendered":"<p>Filtr kasetowy klasy F7\/EU7 pasuj\u0105cych do centrali wentylacyjnej\u00a0 SYSTEMAIR SAVE VTC 700. Zamiennik filtra o kodzie MPVTC 700 \u00a0F7, 207472. Filtry s\u0105 zamiennikami, nazwy producent\u00f3w i marek zosta\u0142y u\u017cyte w celu identyfikacji produktu. Poni\u017cej przedstawiamy sprzedawany produkt:<\/p>\n","protected":false},"featured_media":64705,"template":"","meta":[],"_links":{"self":[{"href":"https:\/\/profitstore.pl\/index.php\/wp-json\/wp\/v2\/product\/64704"}],"collection":[{"href":"https:\/\/profitstore.pl\/index.php\/wp-json\/wp\/v2\/product"}],"about":[{"href":"https:\/\/profitstore.pl\/index.php\/wp-json\/wp\/v2\/types\/product"}],"wp:featuredmedia":[{"embeddable":true,"href":"https:\/\/profitstore.pl\/index.php\/wp-json\/wp\/v2\/media\/64705"}],"wp:attachment":[{"href":"https:\/\/profitstore.pl\/index.php\/wp-json\/wp\/v2\/media?parent=64704"}],"curies":[{"name":"wp","href":"https:\/\/api.w.org\/{rel}","templated":true}]}}