{"id":64693,"date":"2026-04-19T17:10:47","date_gmt":"2026-04-19T17:10:47","guid":{"rendered":"https:\/\/profitstore.pl\/index.php\/produkt\/filtr-eu3-do-systemair-400-ev-ec-dcv-de-ev-b-dcv-b-e-ev-dc\/"},"modified":"2026-04-19T17:10:48","modified_gmt":"2026-04-19T17:10:48","slug":"filtr-eu3-do-systemair-400-ev-ec-dcv-de-ev-b-dcv-b-e-ev-dc","status":"publish","type":"product","link":"https:\/\/profitstore.pl\/index.php\/produkt\/filtr-eu3-do-systemair-400-ev-ec-dcv-de-ev-b-dcv-b-e-ev-dc\/","title":{"rendered":"Filtr EU3 do SystemAir 400 EV\/EC DCV\/DE EV\/B DCV\/B E EV DC"},"content":{"rendered":"<p>Filtr\u00a0 kieszeniowy \u00a0klasy\u00a0 G3 \/ EU3 \u00a0o wymiarach\u00a0 171x338x265 \u00a0mm pasuj\u0105cy do central\u00a0 SYSTEMAIR: VR\u00a0400 EV\/EC VR 400 DCV\/DE VR 400 EV\/B VR 400 DCV\/B VR 400 E, EV VR 400 E, DC Filtry s\u0105 zamiennikami, nazwy producent\u00f3w i marek zosta\u0142y u\u017cyte w celu identyfikacji produktu.<\/p>\n<p>Poni\u017cej przedstawiamy sprzedawany produkt:<\/p>\n<p><img src=\"https:\/\/pureventfilters.eu\/4025-large_default\/filtr-eu3-do-systemair-400-evec-dcvde-evb-dcvb-e-ev-dc-171x338x265.jpg\" alt=\"Filtr EU3 do SystemAir 400 EV\/EC DCV\/DE EV\/B DCV\/B E EV DC\" \/><\/p>\n","protected":false},"excerpt":{"rendered":"<p>Filtr\u00a0 kieszeniowy \u00a0klasy\u00a0 G3 \/ EU3 \u00a0o wymiarach\u00a0 171x338x265 \u00a0mm pasuj\u0105cy do central\u00a0 SYSTEMAIR: VR\u00a0400 EV\/EC VR 400 DCV\/DE VR 400 EV\/B VR 400 DCV\/B VR 400 E, EV VR 400 E, DC Filtry s\u0105 zamiennikami, nazwy producent\u00f3w i marek zosta\u0142y u\u017cyte w celu identyfikacji produktu. Poni\u017cej przedstawiamy sprzedawany produkt:<\/p>\n","protected":false},"featured_media":64694,"template":"","meta":[],"_links":{"self":[{"href":"https:\/\/profitstore.pl\/index.php\/wp-json\/wp\/v2\/product\/64693"}],"collection":[{"href":"https:\/\/profitstore.pl\/index.php\/wp-json\/wp\/v2\/product"}],"about":[{"href":"https:\/\/profitstore.pl\/index.php\/wp-json\/wp\/v2\/types\/product"}],"wp:featuredmedia":[{"embeddable":true,"href":"https:\/\/profitstore.pl\/index.php\/wp-json\/wp\/v2\/media\/64694"}],"wp:attachment":[{"href":"https:\/\/profitstore.pl\/index.php\/wp-json\/wp\/v2\/media?parent=64693"}],"curies":[{"name":"wp","href":"https:\/\/api.w.org\/{rel}","templated":true}]}}