{"id":64690,"date":"2026-04-22T17:10:34","date_gmt":"2026-04-22T17:10:34","guid":{"rendered":"https:\/\/profitstore.pl\/index.php\/produkt\/filtr-eu4-do-systemair-vr-700-dc-de-kod-206279-430x195x47\/"},"modified":"2026-04-22T17:10:34","modified_gmt":"2026-04-22T17:10:34","slug":"filtr-eu4-do-systemair-vr-700-dc-de-kod-206279-430x195x47","status":"publish","type":"product","link":"https:\/\/profitstore.pl\/index.php\/produkt\/filtr-eu4-do-systemair-vr-700-dc-de-kod-206279-430x195x47\/","title":{"rendered":"Filtr EU4 do SystemAir VR 700 DC\/DE kod 206279 (430x195x47)"},"content":{"rendered":"<p>Filtr\u00a0 kasetowy \u00a0klasy\u00a0 G4 \/ EU4 \u00a0pasuj\u0105cych do rekuperatora\u00a0 SYSTEMAIR VR\u00a0700\u00a0DC\/DE. Zamiennik filtra o kodzie\u00a0 PFVR 700 DC\/DE, 206279 Filtry s\u0105 zamiennikami, nazwy producent\u00f3w i marek zosta\u0142y u\u017cyte w celu identyfikacji produktu.<\/p>\n<p>Poni\u017cej przedstawiamy sprzedawany produkt:<\/p>\n<p><img src=\"https:\/\/pureventfilters.eu\/4019-large_default\/filtr-eu4-do-systemair-vr-700-dcde-kod-206279-430x195x47.jpg\" alt=\"Filtr EU4 do SystemAir VR 700 DC\/DE kod 206279 (430x195x47)\" \/><\/p>\n","protected":false},"excerpt":{"rendered":"<p>Filtr\u00a0 kasetowy \u00a0klasy\u00a0 G4 \/ EU4 \u00a0pasuj\u0105cych do rekuperatora\u00a0 SYSTEMAIR VR\u00a0700\u00a0DC\/DE. Zamiennik filtra o kodzie\u00a0 PFVR 700 DC\/DE, 206279 Filtry s\u0105 zamiennikami, nazwy producent\u00f3w i marek zosta\u0142y u\u017cyte w celu identyfikacji produktu. Poni\u017cej przedstawiamy sprzedawany produkt:<\/p>\n","protected":false},"featured_media":64691,"template":"","meta":[],"_links":{"self":[{"href":"https:\/\/profitstore.pl\/index.php\/wp-json\/wp\/v2\/product\/64690"}],"collection":[{"href":"https:\/\/profitstore.pl\/index.php\/wp-json\/wp\/v2\/product"}],"about":[{"href":"https:\/\/profitstore.pl\/index.php\/wp-json\/wp\/v2\/types\/product"}],"wp:featuredmedia":[{"embeddable":true,"href":"https:\/\/profitstore.pl\/index.php\/wp-json\/wp\/v2\/media\/64691"}],"wp:attachment":[{"href":"https:\/\/profitstore.pl\/index.php\/wp-json\/wp\/v2\/media?parent=64690"}],"curies":[{"name":"wp","href":"https:\/\/api.w.org\/{rel}","templated":true}]}}