{"id":64672,"date":"2026-04-19T17:10:43","date_gmt":"2026-04-19T17:10:43","guid":{"rendered":"https:\/\/profitstore.pl\/index.php\/produkt\/filtr-eu3-do-systemair-vr-300-ec-b-120x279x220\/"},"modified":"2026-04-19T17:10:45","modified_gmt":"2026-04-19T17:10:45","slug":"filtr-eu3-do-systemair-vr-300-ec-b-120x279x220","status":"publish","type":"product","link":"https:\/\/profitstore.pl\/index.php\/produkt\/filtr-eu3-do-systemair-vr-300-ec-b-120x279x220\/","title":{"rendered":"Filtr EU3 do SYSTEMAIR VR 300 EC\/B (120x279x220)"},"content":{"rendered":"<p>Filtr\u00a0 kieszeniowy \u00a0klasy\u00a0 G3 \/ EU3 \u00a0o wymiarach\u00a0 120x279x220 \u00a0mm pasuj\u0105cy do central\u00a0 SYSTEMAIR VR 300 EC\/B.\u00a0 Przed zakupem prosimy o weryfikacj\u0119 wymiar\u00f3w filtr\u00f3w z tymi rzeczywi\u015bcie zamontowanymi w centrali.\u00a0 Filtry s\u0105 zamiennikami, nazwy producent\u00f3w i marek zosta\u0142y u\u017cyte w celu identyfikacji produktu.<\/p>\n<p>Poni\u017cej przedstawiamy sprzedawany produkt:<\/p>\n<p><img src=\"https:\/\/pureventfilters.eu\/4013-large_default\/filtr-eu3-do-systemair-vr-300-ecb-120x279x220.jpg\" alt=\"Filtr EU3 do SYSTEMAIR VR 300 EC\/B (120x279x220)\" \/><\/p>\n","protected":false},"excerpt":{"rendered":"<p>Filtr\u00a0 kieszeniowy \u00a0klasy\u00a0 G3 \/ EU3 \u00a0o wymiarach\u00a0 120x279x220 \u00a0mm pasuj\u0105cy do central\u00a0 SYSTEMAIR VR 300 EC\/B.\u00a0 Przed zakupem prosimy o weryfikacj\u0119 wymiar\u00f3w filtr\u00f3w z tymi rzeczywi\u015bcie zamontowanymi w centrali.\u00a0 Filtry s\u0105 zamiennikami, nazwy producent\u00f3w i marek zosta\u0142y u\u017cyte w celu identyfikacji produktu. Poni\u017cej przedstawiamy sprzedawany produkt:<\/p>\n","protected":false},"featured_media":64673,"template":"","meta":[],"_links":{"self":[{"href":"https:\/\/profitstore.pl\/index.php\/wp-json\/wp\/v2\/product\/64672"}],"collection":[{"href":"https:\/\/profitstore.pl\/index.php\/wp-json\/wp\/v2\/product"}],"about":[{"href":"https:\/\/profitstore.pl\/index.php\/wp-json\/wp\/v2\/types\/product"}],"wp:featuredmedia":[{"embeddable":true,"href":"https:\/\/profitstore.pl\/index.php\/wp-json\/wp\/v2\/media\/64673"}],"wp:attachment":[{"href":"https:\/\/profitstore.pl\/index.php\/wp-json\/wp\/v2\/media?parent=64672"}],"curies":[{"name":"wp","href":"https:\/\/api.w.org\/{rel}","templated":true}]}}