{"id":64670,"date":"2026-04-19T17:10:43","date_gmt":"2026-04-19T17:10:43","guid":{"rendered":"https:\/\/profitstore.pl\/index.php\/produkt\/filtr-eu7-do-systemair-vr-300-tk-b-105x275x510\/"},"modified":"2026-04-19T17:10:44","modified_gmt":"2026-04-19T17:10:44","slug":"filtr-eu7-do-systemair-vr-300-tk-b-105x275x510","status":"publish","type":"product","link":"https:\/\/profitstore.pl\/index.php\/produkt\/filtr-eu7-do-systemair-vr-300-tk-b-105x275x510\/","title":{"rendered":"Filtr EU7 do SYSTEMAIR VR 300 TK\/B (105x275x510)"},"content":{"rendered":"<p>Filtr\u00a0 kieszeniowy \u00a0klasy\u00a0 F7\u00a0\/ EU7 \u00a0o wymiarach\u00a0 105x275x510 \u00a0mm pasuj\u0105cy do central\u00a0 SYSTEMAIR VR 300 TK\/B. Przed zakupem prosimy o weryfikacj\u0119 wymiar\u00f3w filtr\u00f3w z tymi rzeczywi\u015bcie zamontowanymi w centrali.\u00a0 Filtry s\u0105 zamiennikami, nazwy producent\u00f3w i marek zosta\u0142y u\u017cyte w celu identyfikacji produktu.<\/p>\n<p>Poni\u017cej przedstawiamy sprzedawany produkt:<\/p>\n<p><img src=\"https:\/\/pureventfilters.eu\/4012-large_default\/filtr-eu7-do-systemair-vr-300-tkb-105x275x510.jpg\" alt=\"Filtr EU7 do SYSTEMAIR VR 300 TK\/B (105x275x510)\" \/><\/p>\n","protected":false},"excerpt":{"rendered":"<p>Filtr\u00a0 kieszeniowy \u00a0klasy\u00a0 F7\u00a0\/ EU7 \u00a0o wymiarach\u00a0 105x275x510 \u00a0mm pasuj\u0105cy do central\u00a0 SYSTEMAIR VR 300 TK\/B. Przed zakupem prosimy o weryfikacj\u0119 wymiar\u00f3w filtr\u00f3w z tymi rzeczywi\u015bcie zamontowanymi w centrali.\u00a0 Filtry s\u0105 zamiennikami, nazwy producent\u00f3w i marek zosta\u0142y u\u017cyte w celu identyfikacji produktu. Poni\u017cej przedstawiamy sprzedawany produkt:<\/p>\n","protected":false},"featured_media":64671,"template":"","meta":[],"_links":{"self":[{"href":"https:\/\/profitstore.pl\/index.php\/wp-json\/wp\/v2\/product\/64670"}],"collection":[{"href":"https:\/\/profitstore.pl\/index.php\/wp-json\/wp\/v2\/product"}],"about":[{"href":"https:\/\/profitstore.pl\/index.php\/wp-json\/wp\/v2\/types\/product"}],"wp:featuredmedia":[{"embeddable":true,"href":"https:\/\/profitstore.pl\/index.php\/wp-json\/wp\/v2\/media\/64671"}],"wp:attachment":[{"href":"https:\/\/profitstore.pl\/index.php\/wp-json\/wp\/v2\/media?parent=64670"}],"curies":[{"name":"wp","href":"https:\/\/api.w.org\/{rel}","templated":true}]}}