{"id":64666,"date":"2026-04-19T17:10:43","date_gmt":"2026-04-19T17:10:43","guid":{"rendered":"https:\/\/profitstore.pl\/index.php\/produkt\/filtr-eu7-do-systemair-vr-250-eh-b-ech-b-200x225x290\/"},"modified":"2026-04-19T17:10:43","modified_gmt":"2026-04-19T17:10:43","slug":"filtr-eu7-do-systemair-vr-250-eh-b-ech-b-200x225x290","status":"publish","type":"product","link":"https:\/\/profitstore.pl\/index.php\/produkt\/filtr-eu7-do-systemair-vr-250-eh-b-ech-b-200x225x290\/","title":{"rendered":"Filtr EU7 do SYSTEMAIR VR 250 EH\/B ECH\/B (200x225x290)"},"content":{"rendered":"<p>Filtr\u00a0 kieszeniowy \u00a0klasy\u00a0 F7\u00a0\/ EU7 \u00a0o wymiarach\u00a0 200x225x290 \u00a0mm pasuj\u0105cy do central SYSTEMAIR: VR\u00a0250 EH\/B VR 250 ECH\/B W centralach montowane s\u0105 2szt. filtr\u00f3w: F7 200x225x290 + G3 115x225x400 Przed zakupem prosimy o weryfikacj\u0119 wymiar\u00f3w filtr\u00f3w z tymi rzeczywi\u015bcie zamontowanymi w centrali.\u00a0 Filtry s\u0105 zamiennikami, nazwy producent\u00f3w i marek zosta\u0142y u\u017cyte w celu identyfikacji produktu.<\/p>\n<p>Poni\u017cej przedstawiamy sprzedawany produkt:<\/p>\n<p><img src=\"https:\/\/pureventfilters.eu\/4010-large_default\/filtr-eu7-do-systemair-vr-250-ehb-echb-200x225x290.jpg\" alt=\"Filtr EU7 do SYSTEMAIR VR 250 EH\/B ECH\/B (200x225x290)\" \/><\/p>\n","protected":false},"excerpt":{"rendered":"<p>Filtr\u00a0 kieszeniowy \u00a0klasy\u00a0 F7\u00a0\/ EU7 \u00a0o wymiarach\u00a0 200x225x290 \u00a0mm pasuj\u0105cy do central SYSTEMAIR: VR\u00a0250 EH\/B VR 250 ECH\/B W centralach montowane s\u0105 2szt. filtr\u00f3w: F7 200x225x290 + G3 115x225x400 Przed zakupem prosimy o weryfikacj\u0119 wymiar\u00f3w filtr\u00f3w z tymi rzeczywi\u015bcie zamontowanymi w centrali.\u00a0 Filtry s\u0105 zamiennikami, nazwy producent\u00f3w i marek zosta\u0142y u\u017cyte w celu identyfikacji produktu. [&hellip;]<\/p>\n","protected":false},"featured_media":64667,"template":"","meta":[],"_links":{"self":[{"href":"https:\/\/profitstore.pl\/index.php\/wp-json\/wp\/v2\/product\/64666"}],"collection":[{"href":"https:\/\/profitstore.pl\/index.php\/wp-json\/wp\/v2\/product"}],"about":[{"href":"https:\/\/profitstore.pl\/index.php\/wp-json\/wp\/v2\/types\/product"}],"wp:featuredmedia":[{"embeddable":true,"href":"https:\/\/profitstore.pl\/index.php\/wp-json\/wp\/v2\/media\/64667"}],"wp:attachment":[{"href":"https:\/\/profitstore.pl\/index.php\/wp-json\/wp\/v2\/media?parent=64666"}],"curies":[{"name":"wp","href":"https:\/\/api.w.org\/{rel}","templated":true}]}}