{"id":64639,"date":"2023-08-04T17:09:43","date_gmt":"2023-08-04T17:09:43","guid":{"rendered":"https:\/\/profitstore.pl\/index.php\/produkt\/filtr-do-pralki-zmywarki-zmiekczajacy-wode-awf\/"},"modified":"2023-08-04T17:09:43","modified_gmt":"2023-08-04T17:09:43","slug":"filtr-do-pralki-zmywarki-zmiekczajacy-wode-awf","status":"publish","type":"product","link":"https:\/\/profitstore.pl\/index.php\/produkt\/filtr-do-pralki-zmywarki-zmiekczajacy-wode-awf\/","title":{"rendered":"Filtr do pralki &#8211; zmywarki zmi\u0119kczaj\u0105cy wod\u0119 AWF"},"content":{"rendered":"<p>Zalety stosowania filtra: Eliminuje\u00a0 zanieczyszczenia mechaniczne \u00a0powy\u017cej 15 mikrometr\u00f3w Usuwa zanieczyszczenia organiczne (g\u0142\u00f3wnie\u00a0 zwi\u0105zki chloru i fenolu ) Zmniejsza zu\u017cycie proszku do prania, zwi\u0119kszaj\u0105c efektywno\u015b\u0107 \u015brodk\u00f3w pior\u0105cych nawet o 50%! Chroni grza\u0142k\u0119 przed osadzaniem si\u0119 kamienia Wyd\u0142u\u017ca \u017cywotno\u015b\u0107 urz\u0105dzenia. Parametry techniczne: \u017cywotno\u015b\u0107 : \u00a0 12 000 litr\u00f3w wody, czyli ok\u00a0 300 pra\u0144 \u00a0 wysoko\u015b\u0107: 14,3cm \u015brednica max: 5,4cm przy\u0142\u0105cze: 3\/4&#8243; zakres temperatur pracy: 2 &#8211; 38 C \u00a0produkt polski Instrukcja monta\u017cu:\u00a0 Odci\u0105\u0107 dop\u0142yw wody.\u00a0 Filtr montujemy na 2 sposoby: &#8211; mi\u0119dzy otworem odcinaj\u0105cym a w\u0119\u017cem &#8211; mi\u0119dzy w\u0119\u017cem zasilaj\u0105cym a pralk\u0105 \/ zmywark\u0105, dokr\u0119caj\u0105c r\u0119cznie (bez u\u017cycia narz\u0119dzi) W\u0142\u0105czy\u0107 dop\u0142yw wody.\u00a0<\/p>\n<p>Poni\u017cej przedstawiamy sprzedawany produkt:<\/p>\n<p><img src=\"https:\/\/pureventfilters.eu\/3956-large_default\/filtr-do-pralki-zmywarki-zmiekczajacy-wode-awf.jpg\" alt=\"Filtr do pralki - zmywarki zmi\u0119kczaj\u0105cy wod\u0119 AWF\" \/><\/p>\n","protected":false},"excerpt":{"rendered":"<p>Zalety stosowania filtra: Eliminuje\u00a0 zanieczyszczenia mechaniczne \u00a0powy\u017cej 15 mikrometr\u00f3w Usuwa zanieczyszczenia organiczne (g\u0142\u00f3wnie\u00a0 zwi\u0105zki chloru i fenolu ) Zmniejsza zu\u017cycie proszku do prania, zwi\u0119kszaj\u0105c efektywno\u015b\u0107 \u015brodk\u00f3w pior\u0105cych nawet o 50%! Chroni grza\u0142k\u0119 przed osadzaniem si\u0119 kamienia Wyd\u0142u\u017ca \u017cywotno\u015b\u0107 urz\u0105dzenia. Parametry techniczne: \u017cywotno\u015b\u0107 : \u00a0 12 000 litr\u00f3w wody, czyli ok\u00a0 300 pra\u0144 \u00a0 wysoko\u015b\u0107: 14,3cm [&hellip;]<\/p>\n","protected":false},"featured_media":64640,"template":"","meta":[],"_links":{"self":[{"href":"https:\/\/profitstore.pl\/index.php\/wp-json\/wp\/v2\/product\/64639"}],"collection":[{"href":"https:\/\/profitstore.pl\/index.php\/wp-json\/wp\/v2\/product"}],"about":[{"href":"https:\/\/profitstore.pl\/index.php\/wp-json\/wp\/v2\/types\/product"}],"wp:featuredmedia":[{"embeddable":true,"href":"https:\/\/profitstore.pl\/index.php\/wp-json\/wp\/v2\/media\/64640"}],"wp:attachment":[{"href":"https:\/\/profitstore.pl\/index.php\/wp-json\/wp\/v2\/media?parent=64639"}],"curies":[{"name":"wp","href":"https:\/\/api.w.org\/{rel}","templated":true}]}}