{"id":64625,"date":"2021-11-03T18:15:38","date_gmt":"2021-11-03T18:15:38","guid":{"rendered":"https:\/\/profitstore.pl\/index.php\/produkt\/filtr-eu5-do-salda-ris-400-p-190x210x225\/"},"modified":"2024-03-27T11:49:43","modified_gmt":"2024-03-27T11:49:43","slug":"filtr-eu5-do-salda-ris-400-p-190x210x225","status":"publish","type":"product","link":"https:\/\/profitstore.pl\/index.php\/produkt\/filtr-eu5-do-salda-ris-400-p-190x210x225\/","title":{"rendered":"Filtr EU5 do SALDA RIS 400 P (190x210x225)"},"content":{"rendered":"<p>Cena dotyczy 1szt. filtra.\u00a0Filtr kieszeniowy klasy\u00a0 M5 \/ EU5 \u00a0o wymiarach\u00a0 190x210x225 \u00a0mm do centrali\u00a0 SALDA RIS\u00a0400 P Wed\u0142ug karty katalogowej\u00a0 standardowo montowany zestaw filtr\u00f3w to 2 szt. filtra EU5 190x210x225 Przed zakupem prosimy o weryfikacj\u0119 wymiar\u00f3w filtr\u00f3w podanych w ofercie z rzeczywistymi wymiarami filtr\u00f3w montowanych w centrali. Produkt jest zamiennikiem. Nazwy urz\u0105dze\u0144, cz\u0119\u015bci i marek zosta\u0142y u\u017cyte w celu identyfikacji produktu.<\/p>\n<p>Poni\u017cej przedstawiamy sprzedawany produkt:<\/p>\n<p><img src=\"https:\/\/pureventfilters.eu\/3949-large_default\/filtr-eu5-do-salda-ris-400-p-190x210x225.jpg\" alt=\"Filtr EU5 do SALDA RIS 400 P (190x210x225)\" \/><\/p>\n","protected":false},"excerpt":{"rendered":"<p>Cena dotyczy 1szt. filtra.\u00a0Filtr kieszeniowy klasy\u00a0 M5 \/ EU5 \u00a0o wymiarach\u00a0 190x210x225 \u00a0mm do centrali\u00a0 SALDA RIS\u00a0400 P Wed\u0142ug karty katalogowej\u00a0 standardowo montowany zestaw filtr\u00f3w to 2 szt. filtra EU5 190x210x225 Przed zakupem prosimy o weryfikacj\u0119 wymiar\u00f3w filtr\u00f3w podanych w ofercie z rzeczywistymi wymiarami filtr\u00f3w montowanych w centrali. Produkt jest zamiennikiem. Nazwy urz\u0105dze\u0144, cz\u0119\u015bci i [&hellip;]<\/p>\n","protected":false},"featured_media":64626,"template":"","meta":[],"_links":{"self":[{"href":"https:\/\/profitstore.pl\/index.php\/wp-json\/wp\/v2\/product\/64625"}],"collection":[{"href":"https:\/\/profitstore.pl\/index.php\/wp-json\/wp\/v2\/product"}],"about":[{"href":"https:\/\/profitstore.pl\/index.php\/wp-json\/wp\/v2\/types\/product"}],"wp:featuredmedia":[{"embeddable":true,"href":"https:\/\/profitstore.pl\/index.php\/wp-json\/wp\/v2\/media\/64626"}],"wp:attachment":[{"href":"https:\/\/profitstore.pl\/index.php\/wp-json\/wp\/v2\/media?parent=64625"}],"curies":[{"name":"wp","href":"https:\/\/api.w.org\/{rel}","templated":true}]}}