{"id":64584,"date":"2022-03-22T08:37:58","date_gmt":"2022-03-22T08:37:58","guid":{"rendered":"https:\/\/profitstore.pl\/index.php\/produkt\/wloknina-paint-stop-2-do-lakierni-i-kabin-lakierniczych\/"},"modified":"2023-04-11T12:52:28","modified_gmt":"2023-04-11T12:52:28","slug":"wloknina-paint-stop-2-do-lakierni-i-kabin-lakierniczych","status":"publish","type":"product","link":"https:\/\/profitstore.pl\/index.php\/produkt\/wloknina-paint-stop-2-do-lakierni-i-kabin-lakierniczych\/","title":{"rendered":"W\u0142\u00f3knina Paint-Stop 2&#8243; do lakierni i kabin lakierniczych"},"content":{"rendered":"<p>Materia\u0142: 100% w\u0142\u00f3kna szklane z progresywnie wzrastaj\u0105c\u0105 g\u0119sto\u015bci\u0105, laminowana strona wylotu powietrza. W\u0142\u00f3knina przy minimalnym oporze powietrza posiada bardzo wysok\u0105 zdolno\u015b\u0107 zatrzymywania cz\u0105stek farb i lakier\u00f3w.\u00a0 Zastosowanie: stosowana w kabinach lakierniczych i instalacjach odci\u0105gowych lakierni,\u00a0 przeznaczona do usuwania mgie\u0142 pochodz\u0105cych z rozpylonych farb i lakier\u00f3w. Dane techniczne: Materia\u0142: 100% elementarne w\u0142\u00f3kna szklane Grubo\u015b\u0107: 60 mm \u015arednia skuteczno\u015b\u0107 filtracji (Am): 89% Przep\u0142yw powietrza: 0,75-2 m\/s Op\u00f3r pocz\u0105tkowy: 7-40 Pa Zalecany op\u00f3r ko\u0144cowy flitra do wymiany: 250 Pa Zdolno\u015b\u0107 absorbowania farb i lakier\u00f3w: 3500-4700 g\/m2 (90-95%) \u00a0 Przy zam\u00f3wieniu wi\u0119kszej ilo\u015bci sztuk prosimy o kontakt w celu ustalenia korzystnej ceny wysy\u0142ki. Przep\u0142yw powietrza z zielonej na bia\u0142\u0105 stron\u0119, zanieczyszczone powietrze ma by\u0107 kierowane na stron\u0119 zielon\u0105.<\/p>\n<p>&nbsp;<\/p>\n<h3><strong>W\u0142\u00f3knina paint-stop<\/strong><\/h3>\n<div class=\"flex flex-grow flex-col gap-3\">\n<div class=\"min-h-[20px] flex flex-col items-start gap-4 whitespace-pre-wrap\">\n<div class=\"markdown prose w-full break-words dark:prose-invert dark\">\n<p><strong>W\u0142\u00f3knina paint-stop<\/strong> to specjalistyczny materia\u0142, kt\u00f3ry znajduje zastosowanie w procesie lakierniczym w celu oczyszczania powietrza z py\u0142\u00f3w i innych zanieczyszcze\u0144. Jest to produkt, kt\u00f3ry skutecznie zatrzymuje wszelkie cz\u0105stki powsta\u0142e podczas malowania, lakierowania czy szlifowania powierzchni. Jest wykonana z w\u0142\u00f3kien szklanych lub syntetycznych, co pozwala na jej skuteczne zatrzymywanie py\u0142\u00f3w o r\u00f3\u017cnej wielko\u015bci. Dzi\u0119ki temu, \u017ce jest to materia\u0142 odporny na rozdarcia i rozci\u0105ganie, mo\u017cna go stosowa\u0107 w wielu rodzajach urz\u0105dze\u0144 filtruj\u0105cych.<\/p>\n<p><strong>W\u0142\u00f3knina paint-stop<\/strong> jest produktem, kt\u00f3ry cieszy si\u0119 du\u017c\u0105 popularno\u015bci\u0105 w bran\u017cy lakierniczej. Dzi\u0119ki niemu mo\u017cna zapewni\u0107 odpowiedni\u0105 jako\u015b\u0107 powietrza w halach produkcyjnych, co wp\u0142ywa na zdrowie pracownik\u00f3w oraz jako\u015b\u0107 ko\u0144cowych produkt\u00f3w. W\u0142\u00f3knina paint-stop jest \u0142atwa w monta\u017cu i demonta\u017cu, co pozwala na jej szybk\u0105 wymian\u0119 i czyszczenie. Warto zwr\u00f3ci\u0107 uwag\u0119 na jako\u015b\u0107 w\u0142\u00f3kniny i skuteczno\u015b\u0107 w zatrzymywaniu py\u0142\u00f3w. Warto wybiera\u0107 produkty renomowanych producent\u00f3w, kt\u00f3rzy zapewniaj\u0105 wysok\u0105 jako\u015b\u0107 swoich produkt\u00f3w. &#8211; Ale bez obaw u nas zakupisz ten produkt tylko najlepszej jako\u015bci w najlepszej cenie.<\/p>\n<p><strong>W\u0142\u00f3knina paint-stop<\/strong> to materia\u0142, kt\u00f3ry jest niezwykle pomocny w procesie lakierniczym. Dzi\u0119ki niemu mo\u017cna zapewni\u0107 odpowiedni\u0105 jako\u015b\u0107 powietrza w halach produkcyjnych, co wp\u0142ywa na zdrowie pracownik\u00f3w oraz jako\u015b\u0107 ko\u0144cowych produkt\u00f3w. Warto wybiera\u0107 produkty renomowanych producent\u00f3w, kt\u00f3rzy zapewniaj\u0105 wysok\u0105 jako\u015b\u0107 swoich produkt\u00f3w.<\/p>\n<h4 style=\"text-align: center;\"><strong>Nie zwlekaj, serdecznie zapraszamy, do zapoznania si\u0119 z nasz\u0105 ofert\u0105 i innymi naszymi produktami oraz zach\u0119camy do kontaktu z nami w razie pyta\u0144.<\/strong><\/h4>\n<p>&nbsp;<\/p>\n<\/div>\n<div role=\"form\" class=\"wpcf7\" id=\"wpcf7-f23022-o1\" lang=\"pl-PL\" dir=\"ltr\">\n<div class=\"screen-reader-response\" aria-live=\"polite\"><\/div>\n<form action=\"\/index.php\/wp-json\/wp\/v2\/product\/64584#wpcf7-f23022-o1\" method=\"post\" class=\"wpcf7-form\" novalidate=\"novalidate\">\n<div style=\"display: none;\">\n<input type=\"hidden\" name=\"_wpcf7\" value=\"23022\" \/>\n<input type=\"hidden\" name=\"_wpcf7_version\" value=\"5.1.9\" \/>\n<input type=\"hidden\" name=\"_wpcf7_locale\" value=\"pl_PL\" \/>\n<input type=\"hidden\" name=\"_wpcf7_unit_tag\" value=\"wpcf7-f23022-o1\" \/>\n<input type=\"hidden\" name=\"_wpcf7_container_post\" value=\"0\" \/>\n<input type=\"hidden\" name=\"g-recaptcha-response\" value=\"\" \/>\n<\/div>\n<p>W razie jakichkolwiek pyta\u0144 dotycz\u0105cych produkt\u00f3w, prosimy o kontakt za po\u015brednictwem poni\u017cszego formularza.<\/p>\n<p><label> Tw\u00f3j email (wymagane)<br \/>\n    <span class=\"wpcf7-form-control-wrap your-email\"><input type=\"email\" name=\"your-email\" value=\"\" size=\"40\" class=\"wpcf7-form-control wpcf7-text wpcf7-email wpcf7-validates-as-required wpcf7-validates-as-email\" aria-required=\"true\" aria-invalid=\"false\" \/><\/span> <\/label><\/p>\n<p><label> Tre\u015b\u0107 wiadomo\u015bci<br \/>\n    <span class=\"wpcf7-form-control-wrap your-message\"><textarea name=\"your-message\" cols=\"40\" rows=\"10\" class=\"wpcf7-form-control wpcf7-textarea\" aria-invalid=\"false\"><\/textarea><\/span> <\/label><\/p>\n<p><input type=\"submit\" value=\"Wy\u015blij\" class=\"wpcf7-form-control wpcf7-submit\" \/><\/p>\n<p><span class=\"wpcf7-form-control-wrap RODO\"><span class=\"wpcf7-form-control wpcf7-acceptance optional\"><span class=\"wpcf7-list-item\"><input type=\"checkbox\" name=\"RODO\" value=\"1\" aria-invalid=\"false\" \/><\/span><\/span><\/span> <label>Korzystaj\u0105c z formularza, podajesz dobrowolnie swoje dane osobowe, zgadzasz si\u0119 na przechowywanie i przetwarzanie Twoich danych przez Todos Bien S.C., NIP: 586-235-66-54, Gdynia 81-572, ul. Lipowa 16b\/6, co jest niezb\u0119dne do udzielenia odpowiedzi na Twoje zapytanie. W ka\u017cdym czasie masz prawo do cofni\u0119cia zgody na przetwarzanie Twoich danych. <\/label><\/p>\n<div class=\"wpcf7-response-output wpcf7-display-none\" aria-hidden=\"true\"><\/div><\/form><\/div>\n<p>&nbsp;<\/p>\n<\/div>\n<\/div>\n<p>Poni\u017cej przedstawiamy sprzedawany produkt:<\/p>\n<p><img src=\"https:\/\/pureventfilters.eu\/4160-large_default\/wloknina-paint-stop-2-do-lakierni-i-kabin-lakierniczych.jpg\" alt=\"W\u0142\u00f3knina Paint-Stop 2\" \/><\/p>\n","protected":false},"excerpt":{"rendered":"<p>Materia\u0142: 100% w\u0142\u00f3kna szklane z progresywnie wzrastaj\u0105c\u0105 g\u0119sto\u015bci\u0105, laminowana strona wylotu powietrza. W\u0142\u00f3knina przy minimalnym oporze powietrza posiada bardzo wysok\u0105 zdolno\u015b\u0107 zatrzymywania cz\u0105stek farb i lakier\u00f3w.\u00a0 Zastosowanie: stosowana w kabinach lakierniczych i instalacjach odci\u0105gowych lakierni,\u00a0 przeznaczona do usuwania mgie\u0142 pochodz\u0105cych z rozpylonych farb i lakier\u00f3w. Dane techniczne: Materia\u0142: 100% elementarne w\u0142\u00f3kna szklane Grubo\u015b\u0107: 60 mm [&hellip;]<\/p>\n","protected":false},"featured_media":64585,"template":"","meta":[],"_links":{"self":[{"href":"https:\/\/profitstore.pl\/index.php\/wp-json\/wp\/v2\/product\/64584"}],"collection":[{"href":"https:\/\/profitstore.pl\/index.php\/wp-json\/wp\/v2\/product"}],"about":[{"href":"https:\/\/profitstore.pl\/index.php\/wp-json\/wp\/v2\/types\/product"}],"wp:featuredmedia":[{"embeddable":true,"href":"https:\/\/profitstore.pl\/index.php\/wp-json\/wp\/v2\/media\/64585"}],"wp:attachment":[{"href":"https:\/\/profitstore.pl\/index.php\/wp-json\/wp\/v2\/media?parent=64584"}],"curies":[{"name":"wp","href":"https:\/\/api.w.org\/{rel}","templated":true}]}}