{"id":64520,"date":"2022-12-16T08:46:42","date_gmt":"2022-12-16T08:46:42","guid":{"rendered":"https:\/\/profitstore.pl\/index.php\/produkt\/filtr-do-okapu-weglowy-teka-dg2-isla-dje-dep-dhb\/"},"modified":"2022-12-16T08:46:46","modified_gmt":"2022-12-16T08:46:46","slug":"filtr-do-okapu-weglowy-teka-dg2-isla-dje-dep-dhb","status":"publish","type":"product","link":"https:\/\/profitstore.pl\/index.php\/produkt\/filtr-do-okapu-weglowy-teka-dg2-isla-dje-dep-dhb\/","title":{"rendered":"FILTR DO OKAPU W\u0118GLOWY TEKA DG2 ISLA DJE DEP DHB"},"content":{"rendered":"<p>FILTR W\u0118GLOWY DO OKAPU\u00a0TEKA \u00a0Z W\u0118GLEM AKTYWNYM Pasuje do okap\u00f3w TEKA:\u00a0 DG2 ISLA DJ DJE DG3 NC2 DEP DH2 DHB okap\u00f3w rustykalnych okap\u00f3w dekoracyjnych Wymiary filtra: \u015arednica filtra: 19,0 cm \u015arednica filtra wraz z uchwytem: 20,8\u00a0cm Wysoko\u015b\u0107 filtra:\u00a03,3 cm Filtr jest zamiennikiem, nazwy marek i urz\u0105dze\u0144 zosta\u0142y u\u017cyte w celu identyfikacji produktu.<\/p>\n<p>Poni\u017cej przedstawiamy sprzedawany produkt:<\/p>\n<p><img src=\"https:\/\/pureventfilters.eu\/3793-large_default\/filtr-do-okapu-weglowy-teka-dg2-isla-dje-dep-dhb.jpg\" alt=\"FILTR DO OKAPU W\u0118GLOWY TEKA DG2 ISLA DJE DEP DHB\" \/><\/p>\n","protected":false},"excerpt":{"rendered":"<p>FILTR W\u0118GLOWY DO OKAPU\u00a0TEKA \u00a0Z W\u0118GLEM AKTYWNYM Pasuje do okap\u00f3w TEKA:\u00a0 DG2 ISLA DJ DJE DG3 NC2 DEP DH2 DHB okap\u00f3w rustykalnych okap\u00f3w dekoracyjnych Wymiary filtra: \u015arednica filtra: 19,0 cm \u015arednica filtra wraz z uchwytem: 20,8\u00a0cm Wysoko\u015b\u0107 filtra:\u00a03,3 cm Filtr jest zamiennikiem, nazwy marek i urz\u0105dze\u0144 zosta\u0142y u\u017cyte w celu identyfikacji produktu. Poni\u017cej przedstawiamy sprzedawany [&hellip;]<\/p>\n","protected":false},"featured_media":64521,"template":"","meta":[],"_links":{"self":[{"href":"https:\/\/profitstore.pl\/index.php\/wp-json\/wp\/v2\/product\/64520"}],"collection":[{"href":"https:\/\/profitstore.pl\/index.php\/wp-json\/wp\/v2\/product"}],"about":[{"href":"https:\/\/profitstore.pl\/index.php\/wp-json\/wp\/v2\/types\/product"}],"wp:featuredmedia":[{"embeddable":true,"href":"https:\/\/profitstore.pl\/index.php\/wp-json\/wp\/v2\/media\/64521"}],"wp:attachment":[{"href":"https:\/\/profitstore.pl\/index.php\/wp-json\/wp\/v2\/media?parent=64520"}],"curies":[{"name":"wp","href":"https:\/\/api.w.org\/{rel}","templated":true}]}}