{"id":64517,"date":"2024-02-28T08:15:27","date_gmt":"2024-02-28T08:15:27","guid":{"rendered":"https:\/\/profitstore.pl\/index.php\/produkt\/filtr-do-okapu-weglowy-amica-otc6413-okc6419-owc-9417-mastercook\/"},"modified":"2024-02-28T08:15:30","modified_gmt":"2024-02-28T08:15:30","slug":"filtr-do-okapu-weglowy-amica-otc6413-okc6419-owc-9417-mastercook","status":"publish","type":"product","link":"https:\/\/profitstore.pl\/index.php\/produkt\/filtr-do-okapu-weglowy-amica-otc6413-okc6419-owc-9417-mastercook\/","title":{"rendered":"FILTR DO OKAPU W\u0118GLOWY AMICA OTC6413 OKC6419 OWC 9417 MASTERCOOK"},"content":{"rendered":"<p>FILTR W\u0118GLOWY DO OKAP\u00d3W Amica i Mastercook &#8211; MODEL FW-EM \u00a0KASETOWY Z W\u0118GLEM AKTYWNYM Pasuje do okap\u00f3w AMICA:\u00a0 OTC 6413 OKC 6412 OKC 6413 OKC 6419 OKC 9413 OKC 6419 OWC 9413 OWC 9417 MASTERCOOK: WkProteus 90XN Wymiary filtra: \u015arednica filtra:\u00a0173 mm \u015arednica wlotu ca\u0142kowita: 37 mm Wysoko\u015b\u0107 filtra:\u00a035 mm Filtr jest zamiennikiem, nazwy marek i urz\u0105dze\u0144 zosta\u0142y u\u017cyte w celu identyfikacji produktu.<\/p>\n<p>Poni\u017cej przedstawiamy sprzedawany produkt:<\/p>\n<p><img src=\"https:\/\/pureventfilters.eu\/3795-large_default\/filtr-do-okapu-weglowy-amica-otc6413-okc6419-owc-9417-mastercook-wkproteus-90xn-fw-em.jpg\" alt=\"FILTR DO OKAPU W\u0118GLOWY AMICA OTC6413 OKC6419 OWC 9417 MASTERCOOK\" \/><\/p>\n","protected":false},"excerpt":{"rendered":"<p>FILTR W\u0118GLOWY DO OKAP\u00d3W Amica i Mastercook &#8211; MODEL FW-EM \u00a0KASETOWY Z W\u0118GLEM AKTYWNYM Pasuje do okap\u00f3w AMICA:\u00a0 OTC 6413 OKC 6412 OKC 6413 OKC 6419 OKC 9413 OKC 6419 OWC 9413 OWC 9417 MASTERCOOK: WkProteus 90XN Wymiary filtra: \u015arednica filtra:\u00a0173 mm \u015arednica wlotu ca\u0142kowita: 37 mm Wysoko\u015b\u0107 filtra:\u00a035 mm Filtr jest zamiennikiem, nazwy marek [&hellip;]<\/p>\n","protected":false},"featured_media":64518,"template":"","meta":[],"_links":{"self":[{"href":"https:\/\/profitstore.pl\/index.php\/wp-json\/wp\/v2\/product\/64517"}],"collection":[{"href":"https:\/\/profitstore.pl\/index.php\/wp-json\/wp\/v2\/product"}],"about":[{"href":"https:\/\/profitstore.pl\/index.php\/wp-json\/wp\/v2\/types\/product"}],"wp:featuredmedia":[{"embeddable":true,"href":"https:\/\/profitstore.pl\/index.php\/wp-json\/wp\/v2\/media\/64518"}],"wp:attachment":[{"href":"https:\/\/profitstore.pl\/index.php\/wp-json\/wp\/v2\/media?parent=64517"}],"curies":[{"name":"wp","href":"https:\/\/api.w.org\/{rel}","templated":true}]}}