{"id":64515,"date":"2024-02-15T18:09:46","date_gmt":"2024-02-15T18:09:46","guid":{"rendered":"https:\/\/profitstore.pl\/index.php\/produkt\/filtr-do-okapu-weglowy-amica-okc9631i-okc-5662w-fwk-300\/"},"modified":"2024-02-15T18:09:48","modified_gmt":"2024-02-15T18:09:48","slug":"filtr-do-okapu-weglowy-amica-okc9631i-okc-5662w-fwk-300","status":"publish","type":"product","link":"https:\/\/profitstore.pl\/index.php\/produkt\/filtr-do-okapu-weglowy-amica-okc9631i-okc-5662w-fwk-300\/","title":{"rendered":"FILTR DO OKAPU W\u0118GLOWY AMICA OKC9631I OKC 5662W FWK-300"},"content":{"rendered":"<p>FILTR W\u0118GLOWY DO OKAPU\u00a0 AMICA &#8211; MODEL FWK-300 \u00a0KASETOWY Z W\u0118GLEM AKTYWNYM Pasuje do okap\u00f3w AMICA:\u00a0 OKC 9631I OKC 5662I OKC 5662W OKC 6413I OKC 6613I OKC 6577I OKC 9523I OKC 9636I Wymiary filtra: Szeroko\u015b\u0107: 300 mm D\u0142ugo\u015b\u0107: 280 mm D\u0142ugo\u015b\u0107 z uchwytami: 286 mm Wysoko\u015b\u0107 filtra: 10 mm Filtr jest zamiennikiem, nazwy marek i urz\u0105dze\u0144 zosta\u0142y u\u017cyte w celu identyfikacji produktu.<\/p>\n<p>Poni\u017cej przedstawiamy sprzedawany produkt:<\/p>\n<p><img src=\"https:\/\/pureventfilters.eu\/3797-large_default\/filtr-do-okapu-weglowy-amica-okc9631i-okc-5662w-fwk-300.jpg\" alt=\"FILTR DO OKAPU W\u0118GLOWY AMICA OKC9631I OKC 5662W FWK-300\" \/><\/p>\n","protected":false},"excerpt":{"rendered":"<p>FILTR W\u0118GLOWY DO OKAPU\u00a0 AMICA &#8211; MODEL FWK-300 \u00a0KASETOWY Z W\u0118GLEM AKTYWNYM Pasuje do okap\u00f3w AMICA:\u00a0 OKC 9631I OKC 5662I OKC 5662W OKC 6413I OKC 6613I OKC 6577I OKC 9523I OKC 9636I Wymiary filtra: Szeroko\u015b\u0107: 300 mm D\u0142ugo\u015b\u0107: 280 mm D\u0142ugo\u015b\u0107 z uchwytami: 286 mm Wysoko\u015b\u0107 filtra: 10 mm Filtr jest zamiennikiem, nazwy marek i [&hellip;]<\/p>\n","protected":false},"featured_media":64516,"template":"","meta":[],"_links":{"self":[{"href":"https:\/\/profitstore.pl\/index.php\/wp-json\/wp\/v2\/product\/64515"}],"collection":[{"href":"https:\/\/profitstore.pl\/index.php\/wp-json\/wp\/v2\/product"}],"about":[{"href":"https:\/\/profitstore.pl\/index.php\/wp-json\/wp\/v2\/types\/product"}],"wp:featuredmedia":[{"embeddable":true,"href":"https:\/\/profitstore.pl\/index.php\/wp-json\/wp\/v2\/media\/64516"}],"wp:attachment":[{"href":"https:\/\/profitstore.pl\/index.php\/wp-json\/wp\/v2\/media?parent=64515"}],"curies":[{"name":"wp","href":"https:\/\/api.w.org\/{rel}","templated":true}]}}