{"id":64405,"date":"2022-12-16T08:45:55","date_gmt":"2022-12-16T08:45:55","guid":{"rendered":"https:\/\/profitstore.pl\/index.php\/produkt\/filtr-do-okapu-weglowy-teka-c1c-cnl-2002-cnl-1001\/"},"modified":"2022-12-16T08:45:58","modified_gmt":"2022-12-16T08:45:58","slug":"filtr-do-okapu-weglowy-teka-c1c-cnl-2002-cnl-1001","status":"publish","type":"product","link":"https:\/\/profitstore.pl\/index.php\/produkt\/filtr-do-okapu-weglowy-teka-c1c-cnl-2002-cnl-1001\/","title":{"rendered":"FILTR DO OKAPU W\u0118GLOWY TEKA C1C, CNL 2002, CNL 1001"},"content":{"rendered":"<p>FILTR W\u0118GLOWY DO OKAPU\u00a0TEKA &#8211; MODEL C1C \u00a0KASETOWY Z W\u0118GLEM AKTYWNYM Pasuje do okap\u00f3w TEKA:\u00a0 Teka TUB 60\/62 Teka\u00a0CNL-1001 \/ 2002 Teka NR 89 Teka XT89 Teka C601 \/ 602 Teka CEF 62 \/ 92 Teka C 901 \/ 902 Wymiary filtra: \u015arednica filtra dolna:\u00a0178 mm \u015arednica filtra g\u00f3rna:\u00a0163 mm Wysoko\u015b\u0107 filtra:\u00a039 mm Filtr jest zamiennikiem, nazwy marek i urz\u0105dze\u0144 zosta\u0142y u\u017cyte w celu identyfikacji produktu.<\/p>\n<p>Poni\u017cej przedstawiamy sprzedawany produkt:<\/p>\n<p><img src=\"https:\/\/pureventfilters.eu\/3533-large_default\/filtr-do-okapu-weglowy-teka-c1c-cnl-2002-cnl-1001.jpg\" alt=\"FILTR DO OKAPU W\u0118GLOWY TEKA C1C, CNL 2002, CNL 1001\" \/><\/p>\n","protected":false},"excerpt":{"rendered":"<p>FILTR W\u0118GLOWY DO OKAPU\u00a0TEKA &#8211; MODEL C1C \u00a0KASETOWY Z W\u0118GLEM AKTYWNYM Pasuje do okap\u00f3w TEKA:\u00a0 Teka TUB 60\/62 Teka\u00a0CNL-1001 \/ 2002 Teka NR 89 Teka XT89 Teka C601 \/ 602 Teka CEF 62 \/ 92 Teka C 901 \/ 902 Wymiary filtra: \u015arednica filtra dolna:\u00a0178 mm \u015arednica filtra g\u00f3rna:\u00a0163 mm Wysoko\u015b\u0107 filtra:\u00a039 mm Filtr jest [&hellip;]<\/p>\n","protected":false},"featured_media":64406,"template":"","meta":[],"_links":{"self":[{"href":"https:\/\/profitstore.pl\/index.php\/wp-json\/wp\/v2\/product\/64405"}],"collection":[{"href":"https:\/\/profitstore.pl\/index.php\/wp-json\/wp\/v2\/product"}],"about":[{"href":"https:\/\/profitstore.pl\/index.php\/wp-json\/wp\/v2\/types\/product"}],"wp:featuredmedia":[{"embeddable":true,"href":"https:\/\/profitstore.pl\/index.php\/wp-json\/wp\/v2\/media\/64406"}],"wp:attachment":[{"href":"https:\/\/profitstore.pl\/index.php\/wp-json\/wp\/v2\/media?parent=64405"}],"curies":[{"name":"wp","href":"https:\/\/api.w.org\/{rel}","templated":true}]}}