{"id":64398,"date":"2024-02-28T08:15:02","date_gmt":"2024-02-28T08:15:02","guid":{"rendered":"https:\/\/profitstore.pl\/index.php\/produkt\/worki-do-odkurzacza-makita-440-445-448-komplet-5-szt\/"},"modified":"2024-02-28T08:15:04","modified_gmt":"2024-02-28T08:15:04","slug":"worki-do-odkurzacza-makita-440-445-448-komplet-5-szt","status":"publish","type":"product","link":"https:\/\/profitstore.pl\/index.php\/produkt\/worki-do-odkurzacza-makita-440-445-448-komplet-5-szt\/","title":{"rendered":"Worki do odkurzacza Makita 440 445 448 &#8211; komplet 5 szt."},"content":{"rendered":"<p>Worki pasuj\u0105 do nast\u0119puj\u0105cych modeli odkurzacza MAKITA : Makita 440 Makita 445 Makita 448 \u00a0 Worki s\u0105 zamiennikami. Nazwy urz\u0105dze\u0144, cz\u0119\u015bci i marek zosta\u0142y u\u017cyte w celu identyfikacji produktu.<\/p>\n<p>Poni\u017cej przedstawiamy sprzedawany produkt:<\/p>\n<p><img src=\"https:\/\/pureventfilters.eu\/3534-large_default\/worki-do-odkurzacza-makita-440-445-448-komplet-5-szt.jpg\" alt=\"Worki do odkurzacza Makita 440 445 448 - komplet 5 szt.\" \/><\/p>\n","protected":false},"excerpt":{"rendered":"<p>Worki pasuj\u0105 do nast\u0119puj\u0105cych modeli odkurzacza MAKITA : Makita 440 Makita 445 Makita 448 \u00a0 Worki s\u0105 zamiennikami. Nazwy urz\u0105dze\u0144, cz\u0119\u015bci i marek zosta\u0142y u\u017cyte w celu identyfikacji produktu. Poni\u017cej przedstawiamy sprzedawany produkt:<\/p>\n","protected":false},"featured_media":64399,"template":"","meta":[],"_links":{"self":[{"href":"https:\/\/profitstore.pl\/index.php\/wp-json\/wp\/v2\/product\/64398"}],"collection":[{"href":"https:\/\/profitstore.pl\/index.php\/wp-json\/wp\/v2\/product"}],"about":[{"href":"https:\/\/profitstore.pl\/index.php\/wp-json\/wp\/v2\/types\/product"}],"wp:featuredmedia":[{"embeddable":true,"href":"https:\/\/profitstore.pl\/index.php\/wp-json\/wp\/v2\/media\/64399"}],"wp:attachment":[{"href":"https:\/\/profitstore.pl\/index.php\/wp-json\/wp\/v2\/media?parent=64398"}],"curies":[{"name":"wp","href":"https:\/\/api.w.org\/{rel}","templated":true}]}}