{"id":64340,"date":"2026-04-18T17:08:02","date_gmt":"2026-04-18T17:08:02","guid":{"rendered":"https:\/\/profitstore.pl\/index.php\/produkt\/filtr-kieszeniowy-eu5-do-salda-ris-1500-v-sns-570x325x340\/"},"modified":"2026-04-18T17:08:02","modified_gmt":"2026-04-18T17:08:02","slug":"filtr-kieszeniowy-eu5-do-salda-ris-1500-v-sns-570x325x340","status":"publish","type":"product","link":"https:\/\/profitstore.pl\/index.php\/produkt\/filtr-kieszeniowy-eu5-do-salda-ris-1500-v-sns-570x325x340\/","title":{"rendered":"Filtr kieszeniowy EU5 do SALDA RIS 1500 V SNS (570x325x340)"},"content":{"rendered":"<p>Cena dotyczy 1szt. filtra.\u00a0Filtr kieszeniowy klasy\u00a0 M5 \u00a0\/ EU5 \u00a0o wymiarach 570x325x340 \u00a0 mm do centrali\u00a0 SALDA \u00a0 RIS 150 V SNS Wed\u0142ug karty katalogowej\u00a0standardowo montowany zestaw filtr\u00f3w to\u00a0 2 szt. filtra EU5 570x325x340 \u00a0 mm lub EU7 570x325x340 \u00a0 mm. Przed zakupem prosimy o weryfikacj\u0119 wymiar\u00f3w filtr\u00f3w podanych w ofercie z rzeczywistymi wymiarami filtr\u00f3w montowanych w centrali. Produkt jest zamiennikiem. Nazwy urz\u0105dze\u0144, cz\u0119\u015bci i marek zosta\u0142y u\u017cyte w celu identyfikacji produktu.<\/p>\n<p>Poni\u017cej przedstawiamy sprzedawany produkt:<\/p>\n<p><img src=\"https:\/\/pureventfilters.eu\/3413-large_default\/filtr-kieszeniowy-eu5-do-salda-ris-1500-v-sns-570x325x340.jpg\" alt=\"Filtr kieszeniowy EU5 do SALDA RIS 1500 V SNS (570x325x340)\" \/><\/p>\n","protected":false},"excerpt":{"rendered":"<p>Cena dotyczy 1szt. filtra.\u00a0Filtr kieszeniowy klasy\u00a0 M5 \u00a0\/ EU5 \u00a0o wymiarach 570x325x340 \u00a0 mm do centrali\u00a0 SALDA \u00a0 RIS 150 V SNS Wed\u0142ug karty katalogowej\u00a0standardowo montowany zestaw filtr\u00f3w to\u00a0 2 szt. filtra EU5 570x325x340 \u00a0 mm lub EU7 570x325x340 \u00a0 mm. Przed zakupem prosimy o weryfikacj\u0119 wymiar\u00f3w filtr\u00f3w podanych w ofercie z rzeczywistymi wymiarami filtr\u00f3w [&hellip;]<\/p>\n","protected":false},"featured_media":64341,"template":"","meta":[],"_links":{"self":[{"href":"https:\/\/profitstore.pl\/index.php\/wp-json\/wp\/v2\/product\/64340"}],"collection":[{"href":"https:\/\/profitstore.pl\/index.php\/wp-json\/wp\/v2\/product"}],"about":[{"href":"https:\/\/profitstore.pl\/index.php\/wp-json\/wp\/v2\/types\/product"}],"wp:featuredmedia":[{"embeddable":true,"href":"https:\/\/profitstore.pl\/index.php\/wp-json\/wp\/v2\/media\/64341"}],"wp:attachment":[{"href":"https:\/\/profitstore.pl\/index.php\/wp-json\/wp\/v2\/media?parent=64340"}],"curies":[{"name":"wp","href":"https:\/\/api.w.org\/{rel}","templated":true}]}}