{"id":64336,"date":"2026-04-18T17:07:04","date_gmt":"2026-04-18T17:07:04","guid":{"rendered":"https:\/\/profitstore.pl\/index.php\/produkt\/filtr-eu5-do-salda-ris-1000h-i-ris-1500h-538x384x270\/"},"modified":"2026-04-18T17:07:05","modified_gmt":"2026-04-18T17:07:05","slug":"filtr-eu5-do-salda-ris-1000h-i-ris-1500h-538x384x270","status":"publish","type":"product","link":"https:\/\/profitstore.pl\/index.php\/produkt\/filtr-eu5-do-salda-ris-1000h-i-ris-1500h-538x384x270\/","title":{"rendered":"Filtr EU5 do SALDA RIS 1000H i RIS 1500H (538x384x270)"},"content":{"rendered":"<p>Cena dotyczy 1szt. filtra.\u00a0Filtr kieszeniowy klasy\u00a0 M5\/EU5 \u00a0o wymiarach\u00a0 538x384x270 \u00a0mm do centrali\u00a0 SALDA RIS 1000\u00a0 RIS 1500 Wed\u0142ug karty katalogowej\u00a0 standardowo montowany zestaw filtr\u00f3w to 2 szt. filtra EU5 538x384x270 \u00a0 mm lub 2szt. filtra EU7 538x384x270 \u00a0 mm. Przed zakupem prosimy o weryfikacj\u0119 wymiar\u00f3w filtr\u00f3w podanych w ofercie z rzeczywistymi wymiarami filtr\u00f3w montowanych w centrali. Produkt jest zamiennikiem. Nazwy urz\u0105dze\u0144, cz\u0119\u015bci i marek zosta\u0142y u\u017cyte w celu identyfikacji produktu.<\/p>\n<p>Poni\u017cej przedstawiamy sprzedawany produkt:<\/p>\n<p><img src=\"https:\/\/pureventfilters.eu\/3889-large_default\/filtr-eu5-do-salda-ris-1000h-i-ris-1500h-538x384x270.jpg\" alt=\"Filtr EU5 do SALDA RIS 1000H i RIS 1500H (538x384x270)\" \/><\/p>\n","protected":false},"excerpt":{"rendered":"<p>Cena dotyczy 1szt. filtra.\u00a0Filtr kieszeniowy klasy\u00a0 M5\/EU5 \u00a0o wymiarach\u00a0 538x384x270 \u00a0mm do centrali\u00a0 SALDA RIS 1000\u00a0 RIS 1500 Wed\u0142ug karty katalogowej\u00a0 standardowo montowany zestaw filtr\u00f3w to 2 szt. filtra EU5 538x384x270 \u00a0 mm lub 2szt. filtra EU7 538x384x270 \u00a0 mm. Przed zakupem prosimy o weryfikacj\u0119 wymiar\u00f3w filtr\u00f3w podanych w ofercie z rzeczywistymi wymiarami filtr\u00f3w montowanych [&hellip;]<\/p>\n","protected":false},"featured_media":64337,"template":"","meta":[],"_links":{"self":[{"href":"https:\/\/profitstore.pl\/index.php\/wp-json\/wp\/v2\/product\/64336"}],"collection":[{"href":"https:\/\/profitstore.pl\/index.php\/wp-json\/wp\/v2\/product"}],"about":[{"href":"https:\/\/profitstore.pl\/index.php\/wp-json\/wp\/v2\/types\/product"}],"wp:featuredmedia":[{"embeddable":true,"href":"https:\/\/profitstore.pl\/index.php\/wp-json\/wp\/v2\/media\/64337"}],"wp:attachment":[{"href":"https:\/\/profitstore.pl\/index.php\/wp-json\/wp\/v2\/media?parent=64336"}],"curies":[{"name":"wp","href":"https:\/\/api.w.org\/{rel}","templated":true}]}}