{"id":64332,"date":"2026-04-18T17:07:04","date_gmt":"2026-04-18T17:07:04","guid":{"rendered":"https:\/\/profitstore.pl\/index.php\/produkt\/filtr-kieszeniowy-eu5-do-salda-ris-1000-h-eko-650x402x175\/"},"modified":"2026-04-18T17:07:04","modified_gmt":"2026-04-18T17:07:04","slug":"filtr-kieszeniowy-eu5-do-salda-ris-1000-h-eko-650x402x175","status":"publish","type":"product","link":"https:\/\/profitstore.pl\/index.php\/produkt\/filtr-kieszeniowy-eu5-do-salda-ris-1000-h-eko-650x402x175\/","title":{"rendered":"Filtr kieszeniowy EU5 do SALDA RIS 1000 H EKO (650x402x175)"},"content":{"rendered":"<p>Cena dotyczy 1szt. filtra.\u00a0Filtr kieszeniowy klasy\u00a0 M5\/EU5 \u00a0o wymiarach\u00a0 650x402x175 \u00a0mm do centrali\u00a0 SALDA RIS 1000 H EKO Wed\u0142ug karty katalogowej\u00a0 standardowo montowany zestaw filtr\u00f3w to 2 szt. filtra EU5 650x402x175\u00a0 mm lub 2szt. filtra EU7 650x402x175\u00a0 mm. Przed zakupem prosimy o weryfikacj\u0119 wymiar\u00f3w filtr\u00f3w podanych w ofercie z rzeczywistymi wymiarami filtr\u00f3w montowanych w centrali. Produkt jest zamiennikiem. Nazwy urz\u0105dze\u0144, cz\u0119\u015bci i marek zosta\u0142y u\u017cyte w celu identyfikacji produktu.<\/p>\n<p>Poni\u017cej przedstawiamy sprzedawany produkt:<\/p>\n<p><img src=\"https:\/\/pureventfilters.eu\/3408-large_default\/filtr-kieszeniowy-eu5-do-salda-ris-1000-h-eko-650x402x175.jpg\" alt=\"Filtr kieszeniowy EU5 do SALDA RIS 1000 H EKO (650x402x175)\" \/><\/p>\n","protected":false},"excerpt":{"rendered":"<p>Cena dotyczy 1szt. filtra.\u00a0Filtr kieszeniowy klasy\u00a0 M5\/EU5 \u00a0o wymiarach\u00a0 650x402x175 \u00a0mm do centrali\u00a0 SALDA RIS 1000 H EKO Wed\u0142ug karty katalogowej\u00a0 standardowo montowany zestaw filtr\u00f3w to 2 szt. filtra EU5 650x402x175\u00a0 mm lub 2szt. filtra EU7 650x402x175\u00a0 mm. Przed zakupem prosimy o weryfikacj\u0119 wymiar\u00f3w filtr\u00f3w podanych w ofercie z rzeczywistymi wymiarami filtr\u00f3w montowanych w centrali. [&hellip;]<\/p>\n","protected":false},"featured_media":64333,"template":"","meta":[],"_links":{"self":[{"href":"https:\/\/profitstore.pl\/index.php\/wp-json\/wp\/v2\/product\/64332"}],"collection":[{"href":"https:\/\/profitstore.pl\/index.php\/wp-json\/wp\/v2\/product"}],"about":[{"href":"https:\/\/profitstore.pl\/index.php\/wp-json\/wp\/v2\/types\/product"}],"wp:featuredmedia":[{"embeddable":true,"href":"https:\/\/profitstore.pl\/index.php\/wp-json\/wp\/v2\/media\/64333"}],"wp:attachment":[{"href":"https:\/\/profitstore.pl\/index.php\/wp-json\/wp\/v2\/media?parent=64332"}],"curies":[{"name":"wp","href":"https:\/\/api.w.org\/{rel}","templated":true}]}}