{"id":64252,"date":"2026-04-22T17:09:33","date_gmt":"2026-04-22T17:09:33","guid":{"rendered":"https:\/\/profitstore.pl\/index.php\/produkt\/filtr-kasetowy-eu4-do-pro-vent-mistral-4000ec-6000ec-1160x490x80\/"},"modified":"2026-04-22T17:09:33","modified_gmt":"2026-04-22T17:09:33","slug":"filtr-kasetowy-eu4-do-pro-vent-mistral-4000ec-6000ec-1160x490x80","status":"publish","type":"product","link":"https:\/\/profitstore.pl\/index.php\/produkt\/filtr-kasetowy-eu4-do-pro-vent-mistral-4000ec-6000ec-1160x490x80\/","title":{"rendered":"Filtr kasetowy EU4 do PRO-VENT MISTRAL 4000EC \/ 6000EC (1160x490x80)"},"content":{"rendered":"<p>Filtr\u00a0 kasetowy \u00a0klasy\u00a0 G4\/EU4 \u00a0pasuj\u0105cych do central wentylacyjnych PRO-VENT: MISTRAL 4000EC MISTRAL 6000EC\u00a0 Filtr\u00a0jest zamiennikiem. Nazwy urz\u0105dze\u0144, cz\u0119\u015bci i marek zosta\u0142y u\u017cyte w celu identyfikacji produktu.<\/p>\n<p>Poni\u017cej przedstawiamy sprzedawany produkt:<\/p>\n<p><img src=\"https:\/\/pureventfilters.eu\/3335-large_default\/filtr-kasetowy-eu4-do-pro-vent-mistral-4000ec-6000ec-1160x490x80.jpg\" alt=\"Filtr kasetowy EU4 do PRO-VENT MISTRAL 4000EC \/ 6000EC (1160x490x80)\" \/><\/p>\n","protected":false},"excerpt":{"rendered":"<p>Filtr\u00a0 kasetowy \u00a0klasy\u00a0 G4\/EU4 \u00a0pasuj\u0105cych do central wentylacyjnych PRO-VENT: MISTRAL 4000EC MISTRAL 6000EC\u00a0 Filtr\u00a0jest zamiennikiem. Nazwy urz\u0105dze\u0144, cz\u0119\u015bci i marek zosta\u0142y u\u017cyte w celu identyfikacji produktu. Poni\u017cej przedstawiamy sprzedawany produkt:<\/p>\n","protected":false},"featured_media":64253,"template":"","meta":[],"_links":{"self":[{"href":"https:\/\/profitstore.pl\/index.php\/wp-json\/wp\/v2\/product\/64252"}],"collection":[{"href":"https:\/\/profitstore.pl\/index.php\/wp-json\/wp\/v2\/product"}],"about":[{"href":"https:\/\/profitstore.pl\/index.php\/wp-json\/wp\/v2\/types\/product"}],"wp:featuredmedia":[{"embeddable":true,"href":"https:\/\/profitstore.pl\/index.php\/wp-json\/wp\/v2\/media\/64253"}],"wp:attachment":[{"href":"https:\/\/profitstore.pl\/index.php\/wp-json\/wp\/v2\/media?parent=64252"}],"curies":[{"name":"wp","href":"https:\/\/api.w.org\/{rel}","templated":true}]}}