{"id":64232,"date":"2026-04-22T17:09:31","date_gmt":"2026-04-22T17:09:31","guid":{"rendered":"https:\/\/profitstore.pl\/index.php\/produkt\/filtr-eu4-do-pro-vent-mistral-p600-ec-390x320x19\/"},"modified":"2026-04-22T17:09:31","modified_gmt":"2026-04-22T17:09:31","slug":"filtr-eu4-do-pro-vent-mistral-p600-ec-390x320x19","status":"publish","type":"product","link":"https:\/\/profitstore.pl\/index.php\/produkt\/filtr-eu4-do-pro-vent-mistral-p600-ec-390x320x19\/","title":{"rendered":"Filtr EU4 do PRO-VENT MISTRAL P600 EC (390x320x19)"},"content":{"rendered":"<p>Filtr\u00a0 kasetowy \u00a0klasy\u00a0 G4\/EU4 \u00a0pasuj\u0105cych do central wentylacyjnych\u00a0 PRO-VENT MISTRAL\u00a0P 600 EC Filtry s\u0105 zamiennikami, nazwy producent\u00f3w i marek zosta\u0142y u\u017cyte w celu identyfikacji produktu.<\/p>\n<p>Poni\u017cej przedstawiamy sprzedawany produkt:<\/p>\n<p><img src=\"https:\/\/pureventfilters.eu\/3322-large_default\/filtr-eu4-do-pro-vent-mistral-p600-ec-390x320x19.jpg\" alt=\"Filtr EU4 do PRO-VENT MISTRAL P600 EC (390x320x19)\" \/><\/p>\n","protected":false},"excerpt":{"rendered":"<p>Filtr\u00a0 kasetowy \u00a0klasy\u00a0 G4\/EU4 \u00a0pasuj\u0105cych do central wentylacyjnych\u00a0 PRO-VENT MISTRAL\u00a0P 600 EC Filtry s\u0105 zamiennikami, nazwy producent\u00f3w i marek zosta\u0142y u\u017cyte w celu identyfikacji produktu. Poni\u017cej przedstawiamy sprzedawany produkt:<\/p>\n","protected":false},"featured_media":64233,"template":"","meta":[],"_links":{"self":[{"href":"https:\/\/profitstore.pl\/index.php\/wp-json\/wp\/v2\/product\/64232"}],"collection":[{"href":"https:\/\/profitstore.pl\/index.php\/wp-json\/wp\/v2\/product"}],"about":[{"href":"https:\/\/profitstore.pl\/index.php\/wp-json\/wp\/v2\/types\/product"}],"wp:featuredmedia":[{"embeddable":true,"href":"https:\/\/profitstore.pl\/index.php\/wp-json\/wp\/v2\/media\/64233"}],"wp:attachment":[{"href":"https:\/\/profitstore.pl\/index.php\/wp-json\/wp\/v2\/media?parent=64232"}],"curies":[{"name":"wp","href":"https:\/\/api.w.org\/{rel}","templated":true}]}}