{"id":64221,"date":"2026-04-24T17:07:51","date_gmt":"2026-04-24T17:07:51","guid":{"rendered":"https:\/\/profitstore.pl\/index.php\/produkt\/filtr-kasetowy-eu4-do-bartosz-cs6-kd-nw-es-ec-650x400x50\/"},"modified":"2026-04-24T17:07:51","modified_gmt":"2026-04-24T17:07:51","slug":"filtr-kasetowy-eu4-do-bartosz-cs6-kd-nw-es-ec-650x400x50","status":"publish","type":"product","link":"https:\/\/profitstore.pl\/index.php\/produkt\/filtr-kasetowy-eu4-do-bartosz-cs6-kd-nw-es-ec-650x400x50\/","title":{"rendered":"Filtr kasetowy EU4 do Bartosz CS6-KD-NW-ES-EC (650x400x50)"},"content":{"rendered":"<p>Filtr kasetowy\u00a0klasy G4\/EU4 pasuj\u0105cych do centrali wentylacyjnej BARTOSZ\u00a0CS6-KD-NW-ES-EC. Filtry s\u0105 zamiennikami, nazwy producent\u00f3w i marek zosta\u0142y u\u017cyte w celu identyfikacji produktu.<\/p>\n<p>Poni\u017cej przedstawiamy sprzedawany produkt:<\/p>\n<p><img src=\"https:\/\/pureventfilters.eu\/3282-large_default\/filtr-kasetowy-eu4-do-bartosz-cs6-kd-nw-es-ec-650x400x50.jpg\" alt=\"Filtr kasetowy EU4 do Bartosz CS6-KD-NW-ES-EC (650x400x50)\" \/><\/p>\n","protected":false},"excerpt":{"rendered":"<p>Filtr kasetowy\u00a0klasy G4\/EU4 pasuj\u0105cych do centrali wentylacyjnej BARTOSZ\u00a0CS6-KD-NW-ES-EC. Filtry s\u0105 zamiennikami, nazwy producent\u00f3w i marek zosta\u0142y u\u017cyte w celu identyfikacji produktu. Poni\u017cej przedstawiamy sprzedawany produkt:<\/p>\n","protected":false},"featured_media":64222,"template":"","meta":[],"_links":{"self":[{"href":"https:\/\/profitstore.pl\/index.php\/wp-json\/wp\/v2\/product\/64221"}],"collection":[{"href":"https:\/\/profitstore.pl\/index.php\/wp-json\/wp\/v2\/product"}],"about":[{"href":"https:\/\/profitstore.pl\/index.php\/wp-json\/wp\/v2\/types\/product"}],"wp:featuredmedia":[{"embeddable":true,"href":"https:\/\/profitstore.pl\/index.php\/wp-json\/wp\/v2\/media\/64222"}],"wp:attachment":[{"href":"https:\/\/profitstore.pl\/index.php\/wp-json\/wp\/v2\/media?parent=64221"}],"curies":[{"name":"wp","href":"https:\/\/api.w.org\/{rel}","templated":true}]}}