{"id":64216,"date":"2023-08-21T17:08:46","date_gmt":"2023-08-21T17:08:46","guid":{"rendered":"https:\/\/profitstore.pl\/index.php\/produkt\/filtr-weglowy-okapu-kernau-gorenje-aeg-electrolux-fwk-130-2szt\/"},"modified":"2023-08-21T17:08:48","modified_gmt":"2023-08-21T17:08:48","slug":"filtr-weglowy-okapu-kernau-gorenje-aeg-electrolux-fwk-130-2szt","status":"publish","type":"product","link":"https:\/\/profitstore.pl\/index.php\/produkt\/filtr-weglowy-okapu-kernau-gorenje-aeg-electrolux-fwk-130-2szt\/","title":{"rendered":"Filtr W\u0118GLOWY okapu KERNAU, GORENJE, AEG, ELECTROLUX FWK-130 2szt."},"content":{"rendered":"<p>FILTR W\u0118GLOWY DO OKAPU\u00a0KERNAU, GORENJE, AEG, ELECTROLUX \u00a0&#8211; MODEL FWK-130 Filtr w\u0119glowy do okapu z w\u0119glem aktywnym. Wykonany\u00a0z\u00a0wysokiej jako\u015bci cz\u0105steczek w\u0119gla aktywnego, kt\u00f3re gwarantuj\u0105\u00a0najwy\u017cszy stopie\u0144 poch\u0142aniania zanieczyszcze\u0144 i nieprzyjemnych zapach\u00f3w. Idealne dla twojego okapu i domu. \u0141atwy w monta\u017cu. Poch\u0142ania zapachy. FILTR PRZEZNACZONY JEST DO NAST\u0118PUJ\u0104CYH MODELI OKAP\u00d3W: KERNAU: TYP 14, TYP 19, KBH 0860W\/X, KBH 07602X, KBH 07551X2\/X3 GORENJE: AH122, 408994, 870606, DVS62AB\/2, DVS62AW\/2, DVG600B2\/2 AEG: ECFB03, 9029798809, DPB2621S, SPB3931S, 942022048 ELECTROLUX: ECFB03, 9029798809, LFP216S, LFP315S \u00a0 \u00a0 W KOMPLECIE 2 SZT. PRODUKT POLSKI PRODUKT FABRYCZNIE NOWY\u00a0<\/p>\n<p>Poni\u017cej przedstawiamy sprzedawany produkt:<\/p>\n<p><img src=\"https:\/\/pureventfilters.eu\/3281-large_default\/filtr-weglowy-okapu-kernau-gorenje-aeg-electrolux-fwk-130-2szt.jpg\" alt=\"Filtr W\u0118GLOWY okapu KERNAU, GORENJE, AEG, ELECTROLUX FWK-130 2szt.\" \/><\/p>\n","protected":false},"excerpt":{"rendered":"<p>FILTR W\u0118GLOWY DO OKAPU\u00a0KERNAU, GORENJE, AEG, ELECTROLUX \u00a0&#8211; MODEL FWK-130 Filtr w\u0119glowy do okapu z w\u0119glem aktywnym. Wykonany\u00a0z\u00a0wysokiej jako\u015bci cz\u0105steczek w\u0119gla aktywnego, kt\u00f3re gwarantuj\u0105\u00a0najwy\u017cszy stopie\u0144 poch\u0142aniania zanieczyszcze\u0144 i nieprzyjemnych zapach\u00f3w. Idealne dla twojego okapu i domu. \u0141atwy w monta\u017cu. Poch\u0142ania zapachy. FILTR PRZEZNACZONY JEST DO NAST\u0118PUJ\u0104CYH MODELI OKAP\u00d3W: KERNAU: TYP 14, TYP 19, KBH 0860W\/X, [&hellip;]<\/p>\n","protected":false},"featured_media":64217,"template":"","meta":[],"_links":{"self":[{"href":"https:\/\/profitstore.pl\/index.php\/wp-json\/wp\/v2\/product\/64216"}],"collection":[{"href":"https:\/\/profitstore.pl\/index.php\/wp-json\/wp\/v2\/product"}],"about":[{"href":"https:\/\/profitstore.pl\/index.php\/wp-json\/wp\/v2\/types\/product"}],"wp:featuredmedia":[{"embeddable":true,"href":"https:\/\/profitstore.pl\/index.php\/wp-json\/wp\/v2\/media\/64217"}],"wp:attachment":[{"href":"https:\/\/profitstore.pl\/index.php\/wp-json\/wp\/v2\/media?parent=64216"}],"curies":[{"name":"wp","href":"https:\/\/api.w.org\/{rel}","templated":true}]}}