{"id":64213,"date":"2026-04-22T17:09:29","date_gmt":"2026-04-22T17:09:29","guid":{"rendered":"https:\/\/profitstore.pl\/index.php\/produkt\/filtr-eu4-do-viessmann-serii-vitovent-300-v4-523x184x25\/"},"modified":"2026-04-22T17:09:29","modified_gmt":"2026-04-22T17:09:29","slug":"filtr-eu4-do-viessmann-serii-vitovent-300-v4-523x184x25","status":"publish","type":"product","link":"https:\/\/profitstore.pl\/index.php\/produkt\/filtr-eu4-do-viessmann-serii-vitovent-300-v4-523x184x25\/","title":{"rendered":"Filtr EU4 do VIESSMANN serii VITOVENT 300 V4 (523x184x25)"},"content":{"rendered":"<p>Filtr kasetowy klasy\u00a0G4\/ EU4 o wymiarach 523x184x25 pasuj\u0105cy do centrali VIESSMANN\u00a0 serii\u00a0 VITOVENT 300\u00a0 V4 &#8211;\u00a0 wersja o przepustowo\u015bci do 400m3 Produkt jest zamiennikiem. Nazwy urz\u0105dze\u0144, cz\u0119\u015bci i marek zosta\u0142y u\u017cyte w celu identyfikacji produktu.<\/p>\n<p>Poni\u017cej przedstawiamy sprzedawany produkt:<\/p>\n<p><img src=\"https:\/\/pureventfilters.eu\/3257-large_default\/filtr-eu4-do-viessmann-serii-vitovent-300-v4-523x184x25.jpg\" alt=\"Filtr EU4 do VIESSMANN serii VITOVENT 300 V4 (523x184x25)\" \/><\/p>\n","protected":false},"excerpt":{"rendered":"<p>Filtr kasetowy klasy\u00a0G4\/ EU4 o wymiarach 523x184x25 pasuj\u0105cy do centrali VIESSMANN\u00a0 serii\u00a0 VITOVENT 300\u00a0 V4 &#8211;\u00a0 wersja o przepustowo\u015bci do 400m3 Produkt jest zamiennikiem. Nazwy urz\u0105dze\u0144, cz\u0119\u015bci i marek zosta\u0142y u\u017cyte w celu identyfikacji produktu. Poni\u017cej przedstawiamy sprzedawany produkt:<\/p>\n","protected":false},"featured_media":64214,"template":"","meta":[],"_links":{"self":[{"href":"https:\/\/profitstore.pl\/index.php\/wp-json\/wp\/v2\/product\/64213"}],"collection":[{"href":"https:\/\/profitstore.pl\/index.php\/wp-json\/wp\/v2\/product"}],"about":[{"href":"https:\/\/profitstore.pl\/index.php\/wp-json\/wp\/v2\/types\/product"}],"wp:featuredmedia":[{"embeddable":true,"href":"https:\/\/profitstore.pl\/index.php\/wp-json\/wp\/v2\/media\/64214"}],"wp:attachment":[{"href":"https:\/\/profitstore.pl\/index.php\/wp-json\/wp\/v2\/media?parent=64213"}],"curies":[{"name":"wp","href":"https:\/\/api.w.org\/{rel}","templated":true}]}}