{"id":64201,"date":"2026-04-22T17:09:27","date_gmt":"2026-04-22T17:09:27","guid":{"rendered":"https:\/\/profitstore.pl\/index.php\/produkt\/filtr-eu7-do-vents-av02-rh-1500-2500-3500-384x196x40-epm1-70\/"},"modified":"2026-04-22T17:09:27","modified_gmt":"2026-04-22T17:09:27","slug":"filtr-eu7-do-vents-av02-rh-1500-2500-3500-384x196x40-epm1-70","status":"publish","type":"product","link":"https:\/\/profitstore.pl\/index.php\/produkt\/filtr-eu7-do-vents-av02-rh-1500-2500-3500-384x196x40-epm1-70\/","title":{"rendered":"Filtr EU7 do VENTS AV02 RH 1500 \/ 2500 \/ 3500 (384x196x40) ePM1 70%"},"content":{"rendered":"<p>Filtr\u00a0 kasetowy \u00a0klasy\u00a0F7 \/ EU7\u00a0pasuj\u0105cych do central wentylacyjnych\u00a0 VENTS VENTS AV02 RH 1500 A31 VENTS AV02 RH 2500 A31 VENTS AV02 RH 3500 A31 Filtry s\u0105 zamiennikami, nazwy producent\u00f3w i marek zosta\u0142y u\u017cyte w celu identyfikacji produktu.<\/p>\n<p>Poni\u017cej przedstawiamy sprzedawany produkt:<\/p>\n<p><img src=\"https:\/\/pureventfilters.eu\/4448-large_default\/filtr-eu7-do-vents-av02-rh-1500-2500-3500-384x196x40-epm1-70.jpg\" alt=\"Filtr EU7 do VENTS AV02 RH 1500 \/ 2500 \/ 3500 (384x196x40) ePM1 70%\" \/><\/p>\n","protected":false},"excerpt":{"rendered":"<p>Filtr\u00a0 kasetowy \u00a0klasy\u00a0F7 \/ EU7\u00a0pasuj\u0105cych do central wentylacyjnych\u00a0 VENTS VENTS AV02 RH 1500 A31 VENTS AV02 RH 2500 A31 VENTS AV02 RH 3500 A31 Filtry s\u0105 zamiennikami, nazwy producent\u00f3w i marek zosta\u0142y u\u017cyte w celu identyfikacji produktu. Poni\u017cej przedstawiamy sprzedawany produkt:<\/p>\n","protected":false},"featured_media":64202,"template":"","meta":[],"_links":{"self":[{"href":"https:\/\/profitstore.pl\/index.php\/wp-json\/wp\/v2\/product\/64201"}],"collection":[{"href":"https:\/\/profitstore.pl\/index.php\/wp-json\/wp\/v2\/product"}],"about":[{"href":"https:\/\/profitstore.pl\/index.php\/wp-json\/wp\/v2\/types\/product"}],"wp:featuredmedia":[{"embeddable":true,"href":"https:\/\/profitstore.pl\/index.php\/wp-json\/wp\/v2\/media\/64202"}],"wp:attachment":[{"href":"https:\/\/profitstore.pl\/index.php\/wp-json\/wp\/v2\/media?parent=64201"}],"curies":[{"name":"wp","href":"https:\/\/api.w.org\/{rel}","templated":true}]}}