{"id":64188,"date":"2026-04-23T07:13:36","date_gmt":"2026-04-23T07:13:36","guid":{"rendered":"https:\/\/profitstore.pl\/index.php\/produkt\/filtr-eu7-do-frapol-onyx-passiv-850-1600-2000-592x287x300\/"},"modified":"2026-04-23T07:13:38","modified_gmt":"2026-04-23T07:13:38","slug":"filtr-eu7-do-frapol-onyx-passiv-850-1600-2000-592x287x300","status":"publish","type":"product","link":"https:\/\/profitstore.pl\/index.php\/produkt\/filtr-eu7-do-frapol-onyx-passiv-850-1600-2000-592x287x300\/","title":{"rendered":"Filtr EU7 do FRAPOL OnyX Passiv 850 \/ 1600 \/ 2000 (592x287x300)"},"content":{"rendered":"<p>Filtr\u00a0 kieszeniowy \u00a0klasy\u00a0 M5 \u00a0\/ EU5 \u00a0o wymiarach\u00a0 592 x287x300 \u00a0mm\u00a0w\u00a0ramce metalowej pasuj\u0105cy do central \u00a0FRAPOL: OnyX Passiv 850 OnyX Passiv\u00a01600 OnyX Passiv 2000 Filtry s\u0105 zamiennikami, nazwy producent\u00f3w i marek zosta\u0142y u\u017cyte w celu identyfikacji produktu.<\/p>\n<p>Poni\u017cej przedstawiamy sprzedawany produkt:<\/p>\n<p><img src=\"https:\/\/pureventfilters.eu\/4117-large_default\/filtr-eu7-do-frapol-onyx-passiv-850-1600-2000-592x287x300.jpg\" alt=\"Filtr EU7 do FRAPOL OnyX Passiv 850 \/ 1600 \/ 2000 (592x287x300)\" \/><\/p>\n","protected":false},"excerpt":{"rendered":"<p>Filtr\u00a0 kieszeniowy \u00a0klasy\u00a0 M5 \u00a0\/ EU5 \u00a0o wymiarach\u00a0 592 x287x300 \u00a0mm\u00a0w\u00a0ramce metalowej pasuj\u0105cy do central \u00a0FRAPOL: OnyX Passiv 850 OnyX Passiv\u00a01600 OnyX Passiv 2000 Filtry s\u0105 zamiennikami, nazwy producent\u00f3w i marek zosta\u0142y u\u017cyte w celu identyfikacji produktu. Poni\u017cej przedstawiamy sprzedawany produkt:<\/p>\n","protected":false},"featured_media":64189,"template":"","meta":[],"_links":{"self":[{"href":"https:\/\/profitstore.pl\/index.php\/wp-json\/wp\/v2\/product\/64188"}],"collection":[{"href":"https:\/\/profitstore.pl\/index.php\/wp-json\/wp\/v2\/product"}],"about":[{"href":"https:\/\/profitstore.pl\/index.php\/wp-json\/wp\/v2\/types\/product"}],"wp:featuredmedia":[{"embeddable":true,"href":"https:\/\/profitstore.pl\/index.php\/wp-json\/wp\/v2\/media\/64189"}],"wp:attachment":[{"href":"https:\/\/profitstore.pl\/index.php\/wp-json\/wp\/v2\/media?parent=64188"}],"curies":[{"name":"wp","href":"https:\/\/api.w.org\/{rel}","templated":true}]}}