{"id":64172,"date":"2026-04-23T07:13:33","date_gmt":"2026-04-23T07:13:33","guid":{"rendered":"https:\/\/profitstore.pl\/index.php\/produkt\/filtr-do-salda-ris-1200ve-vw-eko-3-0-600x314x46\/"},"modified":"2026-04-23T07:13:33","modified_gmt":"2026-04-23T07:13:33","slug":"filtr-do-salda-ris-1200ve-vw-eko-3-0-600x314x46","status":"publish","type":"product","link":"https:\/\/profitstore.pl\/index.php\/produkt\/filtr-do-salda-ris-1200ve-vw-eko-3-0-600x314x46\/","title":{"rendered":"Filtr do SALDA RIS 1200VE\/VW EKO 3.0 (600x314x46)"},"content":{"rendered":"<p>Specyfikacja: Cena wy\u015bwietlana dotyczy 1 szt. filtra\u00a0w wybranej klasie filtracji Wymiar filtra: \u00a0600x314x46\u00a0mm Klasa filtracji: do wyboru\u00a0 EU5\/M5 oraz EU7 \/ F7 Wk\u0142ad filtra:\u00a0 mata plisowana MiniPleat Ramka:\u00a0 kartonowa Filtr kasetowy pasuj\u0105cy do central SALDA: RIS 1200 VE EKO 3.0 RIS 1200 VW EKO 3.0 Standardowo filtry montowane w centralach przez producenta wykonane s\u0105 w ramce kartonowej.\u00a0 Filtr\u00a0jest zamiennikiem. Nazwy urz\u0105dze\u0144, cz\u0119\u015bci i marek zosta\u0142y u\u017cyte w celu identyfikacji produktu.<\/p>\n<p>Poni\u017cej przedstawiamy sprzedawany produkt:<\/p>\n<p><img src=\"https:\/\/pureventfilters.eu\/3174-large_default\/filtr-do-salda-ris-1200vevw-eko-30-600x314x46.jpg\" alt=\"Filtr do SALDA RIS 1200VE\/VW EKO 3.0 (600x314x46)\" \/><\/p>\n","protected":false},"excerpt":{"rendered":"<p>Specyfikacja: Cena wy\u015bwietlana dotyczy 1 szt. filtra\u00a0w wybranej klasie filtracji Wymiar filtra: \u00a0600x314x46\u00a0mm Klasa filtracji: do wyboru\u00a0 EU5\/M5 oraz EU7 \/ F7 Wk\u0142ad filtra:\u00a0 mata plisowana MiniPleat Ramka:\u00a0 kartonowa Filtr kasetowy pasuj\u0105cy do central SALDA: RIS 1200 VE EKO 3.0 RIS 1200 VW EKO 3.0 Standardowo filtry montowane w centralach przez producenta wykonane s\u0105 w [&hellip;]<\/p>\n","protected":false},"featured_media":29010,"template":"","meta":[],"_links":{"self":[{"href":"https:\/\/profitstore.pl\/index.php\/wp-json\/wp\/v2\/product\/64172"}],"collection":[{"href":"https:\/\/profitstore.pl\/index.php\/wp-json\/wp\/v2\/product"}],"about":[{"href":"https:\/\/profitstore.pl\/index.php\/wp-json\/wp\/v2\/types\/product"}],"wp:featuredmedia":[{"embeddable":true,"href":"https:\/\/profitstore.pl\/index.php\/wp-json\/wp\/v2\/media\/29010"}],"wp:attachment":[{"href":"https:\/\/profitstore.pl\/index.php\/wp-json\/wp\/v2\/media?parent=64172"}],"curies":[{"name":"wp","href":"https:\/\/api.w.org\/{rel}","templated":true}]}}