{"id":64167,"date":"2026-04-23T17:07:34","date_gmt":"2026-04-23T17:07:34","guid":{"rendered":"https:\/\/profitstore.pl\/index.php\/produkt\/filtr-do-salda-ris-700-v-eko-600x228x170\/"},"modified":"2026-04-23T17:07:35","modified_gmt":"2026-04-23T17:07:35","slug":"filtr-do-salda-ris-700-v-eko-600x228x170","status":"publish","type":"product","link":"https:\/\/profitstore.pl\/index.php\/produkt\/filtr-do-salda-ris-700-v-eko-600x228x170\/","title":{"rendered":"Filtr do SALDA RIS 700 V EKO (600x228x170)"},"content":{"rendered":"<p>Cena dotyczy 1szt. filtra.\u00a0 Filtr kieszeniowy klasy M5\/EU5 o wymiarach\u00a0 600x228x170 \u00a0 \u00a0 mm do centrali SALDA RIS 700 VER EKO 3.0. Wed\u0142ug karty katalogowej\u00a0 standardowo montowany zestaw filtr\u00f3w to 2 szt. filtra EU5 600x228x170mm. Przed zakupem prosimy o weryfikacj\u0119 wymiar\u00f3w filtr\u00f3w podanych w ofercie z rzeczywistymi wymiarami filtr\u00f3w montowanych w centrali. Produkt jest zamiennikiem. Nazwy urz\u0105dze\u0144, cz\u0119\u015bci i marek zosta\u0142y u\u017cyte w celu identyfikacji produktu.<\/p>\n<p>Poni\u017cej przedstawiamy sprzedawany produkt:<\/p>\n<p><img src=\"https:\/\/pureventfilters.eu\/3836-large_default\/filtr-do-salda-ris-700-v-eko-600x228x170.jpg\" alt=\"Filtr do SALDA RIS 700 V EKO (600x228x170)\" \/><\/p>\n","protected":false},"excerpt":{"rendered":"<p>Cena dotyczy 1szt. filtra.\u00a0 Filtr kieszeniowy klasy M5\/EU5 o wymiarach\u00a0 600x228x170 \u00a0 \u00a0 mm do centrali SALDA RIS 700 VER EKO 3.0. Wed\u0142ug karty katalogowej\u00a0 standardowo montowany zestaw filtr\u00f3w to 2 szt. filtra EU5 600x228x170mm. Przed zakupem prosimy o weryfikacj\u0119 wymiar\u00f3w filtr\u00f3w podanych w ofercie z rzeczywistymi wymiarami filtr\u00f3w montowanych w centrali. Produkt jest zamiennikiem. [&hellip;]<\/p>\n","protected":false},"featured_media":29006,"template":"","meta":[],"_links":{"self":[{"href":"https:\/\/profitstore.pl\/index.php\/wp-json\/wp\/v2\/product\/64167"}],"collection":[{"href":"https:\/\/profitstore.pl\/index.php\/wp-json\/wp\/v2\/product"}],"about":[{"href":"https:\/\/profitstore.pl\/index.php\/wp-json\/wp\/v2\/types\/product"}],"wp:featuredmedia":[{"embeddable":true,"href":"https:\/\/profitstore.pl\/index.php\/wp-json\/wp\/v2\/media\/29006"}],"wp:attachment":[{"href":"https:\/\/profitstore.pl\/index.php\/wp-json\/wp\/v2\/media?parent=64167"}],"curies":[{"name":"wp","href":"https:\/\/api.w.org\/{rel}","templated":true}]}}