{"id":64162,"date":"2026-04-26T07:10:42","date_gmt":"2026-04-26T07:10:42","guid":{"rendered":"https:\/\/profitstore.pl\/index.php\/produkt\/filtr-eu5-do-salda-ris-700-p-305x234x200\/"},"modified":"2026-04-26T07:10:42","modified_gmt":"2026-04-26T07:10:42","slug":"filtr-eu5-do-salda-ris-700-p-305x234x200","status":"publish","type":"product","link":"https:\/\/profitstore.pl\/index.php\/produkt\/filtr-eu5-do-salda-ris-700-p-305x234x200\/","title":{"rendered":"Filtr EU5 do SALDA RIS 700 P (305x234x200)"},"content":{"rendered":"<p>Cena dotyczy 1szt. filtra.\u00a0Filtr kieszeniowy klasy\u00a0 M5 \u00a0\/ EU5 \u00a0o wymiarach\u00a0 305x234x200 \u00a0 mm \u00a0do centrali\u00a0 SALDA \u00a0 RIS\u00a0700 P Wed\u0142ug karty katalogowej\u00a0standardowo montowany zestaw filtr\u00f3w to\u00a0 2 szt. filtr\u00f3w.\u00a0 Przed zakupem prosimy o weryfikacj\u0119 wymiar\u00f3w filtr\u00f3w podanych w ofercie z rzeczywistymi wymiarami filtr\u00f3w montowanych w centrali. Produkt jest zamiennikiem. Nazwy urz\u0105dze\u0144, cz\u0119\u015bci i marek zosta\u0142y u\u017cyte w celu identyfikacji produktu.<\/p>\n<p>Poni\u017cej przedstawiamy sprzedawany produkt:<\/p>\n<p><img src=\"https:\/\/pureventfilters.eu\/3878-large_default\/filtr-eu5-do-salda-ris-700-p-305x234x200.jpg\" alt=\"Filtr EU5 do SALDA RIS 700 P (305x234x200)\" \/><\/p>\n","protected":false},"excerpt":{"rendered":"<p>Cena dotyczy 1szt. filtra.\u00a0Filtr kieszeniowy klasy\u00a0 M5 \u00a0\/ EU5 \u00a0o wymiarach\u00a0 305x234x200 \u00a0 mm \u00a0do centrali\u00a0 SALDA \u00a0 RIS\u00a0700 P Wed\u0142ug karty katalogowej\u00a0standardowo montowany zestaw filtr\u00f3w to\u00a0 2 szt. filtr\u00f3w.\u00a0 Przed zakupem prosimy o weryfikacj\u0119 wymiar\u00f3w filtr\u00f3w podanych w ofercie z rzeczywistymi wymiarami filtr\u00f3w montowanych w centrali. Produkt jest zamiennikiem. Nazwy urz\u0105dze\u0144, cz\u0119\u015bci i marek [&hellip;]<\/p>\n","protected":false},"featured_media":29000,"template":"","meta":[],"_links":{"self":[{"href":"https:\/\/profitstore.pl\/index.php\/wp-json\/wp\/v2\/product\/64162"}],"collection":[{"href":"https:\/\/profitstore.pl\/index.php\/wp-json\/wp\/v2\/product"}],"about":[{"href":"https:\/\/profitstore.pl\/index.php\/wp-json\/wp\/v2\/types\/product"}],"wp:featuredmedia":[{"embeddable":true,"href":"https:\/\/profitstore.pl\/index.php\/wp-json\/wp\/v2\/media\/29000"}],"wp:attachment":[{"href":"https:\/\/profitstore.pl\/index.php\/wp-json\/wp\/v2\/media?parent=64162"}],"curies":[{"name":"wp","href":"https:\/\/api.w.org\/{rel}","templated":true}]}}