{"id":64158,"date":"2026-04-23T17:07:30","date_gmt":"2026-04-23T17:07:30","guid":{"rendered":"https:\/\/profitstore.pl\/index.php\/produkt\/filtr-eu5-do-salda-ris-700-400x224x360\/"},"modified":"2026-04-23T17:07:32","modified_gmt":"2026-04-23T17:07:32","slug":"filtr-eu5-do-salda-ris-700-400x224x360","status":"publish","type":"product","link":"https:\/\/profitstore.pl\/index.php\/produkt\/filtr-eu5-do-salda-ris-700-400x224x360\/","title":{"rendered":"Filtr EU5 do SALDA RIS 700 (400x224x360)"},"content":{"rendered":"<p>Cena dotyczy 1szt. filtra.\u00a0Filtr kieszeniowy klasy\u00a0 M5 \u00a0\/ EU5 \u00a0o wymiarach\u00a0 400x224x360 \u00a0 mm do centrali\u00a0 SALDA RIS 700 Wed\u0142ug karty katalogowej\u00a0 standardowo montowany zestaw filtr\u00f3w to 1szt. filtr EU5 400x224x360\u00a0+ 1szt. filtr EU3 400x224x210 mm .\u00a0 Przed zakupem prosimy o weryfikacj\u0119 wymiar\u00f3w filtr\u00f3w podanych w ofercie z rzeczywistymi wymiarami filtr\u00f3w montowanych w centrali. Produkt jest zamiennikiem. Nazwy urz\u0105dze\u0144, cz\u0119\u015bci i marek zosta\u0142y u\u017cyte w celu identyfikacji produktu.<\/p>\n<p>Poni\u017cej przedstawiamy sprzedawany produkt:<\/p>\n<p><img src=\"https:\/\/pureventfilters.eu\/4106-large_default\/filtr-eu5-do-salda-ris-700-400x224x360.jpg\" alt=\"Filtr EU5 do SALDA RIS 700 (400x224x360)\" \/><\/p>\n","protected":false},"excerpt":{"rendered":"<p>Cena dotyczy 1szt. filtra.\u00a0Filtr kieszeniowy klasy\u00a0 M5 \u00a0\/ EU5 \u00a0o wymiarach\u00a0 400x224x360 \u00a0 mm do centrali\u00a0 SALDA RIS 700 Wed\u0142ug karty katalogowej\u00a0 standardowo montowany zestaw filtr\u00f3w to 1szt. filtr EU5 400x224x360\u00a0+ 1szt. filtr EU3 400x224x210 mm .\u00a0 Przed zakupem prosimy o weryfikacj\u0119 wymiar\u00f3w filtr\u00f3w podanych w ofercie z rzeczywistymi wymiarami filtr\u00f3w montowanych w centrali. Produkt [&hellip;]<\/p>\n","protected":false},"featured_media":28995,"template":"","meta":[],"_links":{"self":[{"href":"https:\/\/profitstore.pl\/index.php\/wp-json\/wp\/v2\/product\/64158"}],"collection":[{"href":"https:\/\/profitstore.pl\/index.php\/wp-json\/wp\/v2\/product"}],"about":[{"href":"https:\/\/profitstore.pl\/index.php\/wp-json\/wp\/v2\/types\/product"}],"wp:featuredmedia":[{"embeddable":true,"href":"https:\/\/profitstore.pl\/index.php\/wp-json\/wp\/v2\/media\/28995"}],"wp:attachment":[{"href":"https:\/\/profitstore.pl\/index.php\/wp-json\/wp\/v2\/media?parent=64158"}],"curies":[{"name":"wp","href":"https:\/\/api.w.org\/{rel}","templated":true}]}}