{"id":64152,"date":"2026-04-26T07:10:39","date_gmt":"2026-04-26T07:10:39","guid":{"rendered":"https:\/\/profitstore.pl\/index.php\/produkt\/filtr-do-szafy-klimatyzacji-precyzyjnej-clima-processor-ca-s011-u\/"},"modified":"2026-04-26T07:10:40","modified_gmt":"2026-04-26T07:10:40","slug":"filtr-do-szafy-klimatyzacji-precyzyjnej-clima-processor-ca-s011-u","status":"publish","type":"product","link":"https:\/\/profitstore.pl\/index.php\/produkt\/filtr-do-szafy-klimatyzacji-precyzyjnej-clima-processor-ca-s011-u\/","title":{"rendered":"Filtr do szafy klimatyzacji precyzyjnej CLIMA PROCESSOR CA S011-U"},"content":{"rendered":"<p>Filtr kasetowy klasy G4\/EU4 pasuj\u0105cych do szafy klimatyzacji precyzyjnej CLIMA PROCESSOR.\u00a0 \u00a0 Filtr\u00a0jest zamiennikiem. Nazwy urz\u0105dze\u0144, cz\u0119\u015bci i marek zosta\u0142y u\u017cyte w celu identyfikacji produktu.<\/p>\n<p>Poni\u017cej przedstawiamy sprzedawany produkt:<\/p>\n<p><img src=\"https:\/\/pureventfilters.eu\/3139-large_default\/filtr-do-szafy-klimatyzacji-precyzyjnej-clima-processor-ca-s011-u-cn008-470x320x48.jpg\" alt=\"Filtr do szafy klimatyzacji precyzyjnej CLIMA PROCESSOR CA S011-U\" \/><\/p>\n","protected":false},"excerpt":{"rendered":"<p>Filtr kasetowy klasy G4\/EU4 pasuj\u0105cych do szafy klimatyzacji precyzyjnej CLIMA PROCESSOR.\u00a0 \u00a0 Filtr\u00a0jest zamiennikiem. Nazwy urz\u0105dze\u0144, cz\u0119\u015bci i marek zosta\u0142y u\u017cyte w celu identyfikacji produktu. Poni\u017cej przedstawiamy sprzedawany produkt:<\/p>\n","protected":false},"featured_media":64153,"template":"","meta":[],"_links":{"self":[{"href":"https:\/\/profitstore.pl\/index.php\/wp-json\/wp\/v2\/product\/64152"}],"collection":[{"href":"https:\/\/profitstore.pl\/index.php\/wp-json\/wp\/v2\/product"}],"about":[{"href":"https:\/\/profitstore.pl\/index.php\/wp-json\/wp\/v2\/types\/product"}],"wp:featuredmedia":[{"embeddable":true,"href":"https:\/\/profitstore.pl\/index.php\/wp-json\/wp\/v2\/media\/64153"}],"wp:attachment":[{"href":"https:\/\/profitstore.pl\/index.php\/wp-json\/wp\/v2\/media?parent=64152"}],"curies":[{"name":"wp","href":"https:\/\/api.w.org\/{rel}","templated":true}]}}