{"id":64137,"date":"2026-04-23T17:07:28","date_gmt":"2026-04-23T17:07:28","guid":{"rendered":"https:\/\/profitstore.pl\/index.php\/produkt\/filtr-eu4-do-pro-vent-mistral-p-600-390x325x20\/"},"modified":"2026-04-23T17:07:29","modified_gmt":"2026-04-23T17:07:29","slug":"filtr-eu4-do-pro-vent-mistral-p-600-390x325x20","status":"publish","type":"product","link":"https:\/\/profitstore.pl\/index.php\/produkt\/filtr-eu4-do-pro-vent-mistral-p-600-390x325x20\/","title":{"rendered":"Filtr EU4 do PRO-VENT MISTRAL P 600 (390x325x20)"},"content":{"rendered":"<p>Filtr kasetowy klasy G4\/EU4 pasuj\u0105cych do centrali wentylacyjnej PRO-VENT MISTRAL P 600. Filtr\u00a0jest zamiennikiem. Nazwy urz\u0105dze\u0144, cz\u0119\u015bci i marek zosta\u0142y u\u017cyte w celu identyfikacji produktu.<\/p>\n<p>Poni\u017cej przedstawiamy sprzedawany produkt:<\/p>\n<p><img src=\"https:\/\/pureventfilters.eu\/3106-large_default\/filtr-eu4-do-pro-vent-mistral-p-600-390x325x20.jpg\" alt=\"Filtr EU4 do PRO-VENT MISTRAL P 600 (390x325x20)\" \/><\/p>\n","protected":false},"excerpt":{"rendered":"<p>Filtr kasetowy klasy G4\/EU4 pasuj\u0105cych do centrali wentylacyjnej PRO-VENT MISTRAL P 600. Filtr\u00a0jest zamiennikiem. Nazwy urz\u0105dze\u0144, cz\u0119\u015bci i marek zosta\u0142y u\u017cyte w celu identyfikacji produktu. Poni\u017cej przedstawiamy sprzedawany produkt:<\/p>\n","protected":false},"featured_media":28977,"template":"","meta":[],"_links":{"self":[{"href":"https:\/\/profitstore.pl\/index.php\/wp-json\/wp\/v2\/product\/64137"}],"collection":[{"href":"https:\/\/profitstore.pl\/index.php\/wp-json\/wp\/v2\/product"}],"about":[{"href":"https:\/\/profitstore.pl\/index.php\/wp-json\/wp\/v2\/types\/product"}],"wp:featuredmedia":[{"embeddable":true,"href":"https:\/\/profitstore.pl\/index.php\/wp-json\/wp\/v2\/media\/28977"}],"wp:attachment":[{"href":"https:\/\/profitstore.pl\/index.php\/wp-json\/wp\/v2\/media?parent=64137"}],"curies":[{"name":"wp","href":"https:\/\/api.w.org\/{rel}","templated":true}]}}