{"id":64135,"date":"2026-04-23T17:07:28","date_gmt":"2026-04-23T17:07:28","guid":{"rendered":"https:\/\/profitstore.pl\/index.php\/produkt\/filtr-eu5-do-vents-vut-550-vb-ec-630x198x40-epm10-55\/"},"modified":"2026-04-23T17:07:28","modified_gmt":"2026-04-23T17:07:28","slug":"filtr-eu5-do-vents-vut-550-vb-ec-630x198x40-epm10-55","status":"publish","type":"product","link":"https:\/\/profitstore.pl\/index.php\/produkt\/filtr-eu5-do-vents-vut-550-vb-ec-630x198x40-epm10-55\/","title":{"rendered":"Filtr EU5 do VENTS VUT 550 VB EC (630x198x40) ePM10 55%"},"content":{"rendered":"<p>Filtr w klasie filtracji\u00a0 EU5 \/ M5 \u00a0\/ ePM10\u00a055% \u00a0pasuj\u0105cy do central\u00a0 VENTS VYT 550 VB EC A21 \u00a0i\u00a0 VENTS VUT 550 VB EC A14.\u00a0 Wykonany z materia\u0142u MiniPleat o wysokiej skuteczno\u015bci, w ramce kartonowej.\u00a0 W centrali standardowo montowany jest zestaw filtr\u00f3w 1szt. F7 \/ M5 630x198x40mm + filtr G4 630x198x40mm.\u00a0 Filtr\u00a0jest zamiennikiem. Nazwy urz\u0105dze\u0144, cz\u0119\u015bci i marek zosta\u0142y u\u017cyte w celu identyfikacji produktu.<\/p>\n<p>Poni\u017cej przedstawiamy sprzedawany produkt:<\/p>\n<p><img src=\"https:\/\/pureventfilters.eu\/4396-large_default\/filtr-eu5-do-vents-vut-550-vb-ec-630x198x40-epm10-55.jpg\" alt=\"Filtr EU5 do VENTS VUT 550 VB EC (630x198x40) ePM10 55%\" \/><\/p>\n","protected":false},"excerpt":{"rendered":"<p>Filtr w klasie filtracji\u00a0 EU5 \/ M5 \u00a0\/ ePM10\u00a055% \u00a0pasuj\u0105cy do central\u00a0 VENTS VYT 550 VB EC A21 \u00a0i\u00a0 VENTS VUT 550 VB EC A14.\u00a0 Wykonany z materia\u0142u MiniPleat o wysokiej skuteczno\u015bci, w ramce kartonowej.\u00a0 W centrali standardowo montowany jest zestaw filtr\u00f3w 1szt. F7 \/ M5 630x198x40mm + filtr G4 630x198x40mm.\u00a0 Filtr\u00a0jest zamiennikiem. Nazwy urz\u0105dze\u0144, [&hellip;]<\/p>\n","protected":false},"featured_media":64136,"template":"","meta":[],"_links":{"self":[{"href":"https:\/\/profitstore.pl\/index.php\/wp-json\/wp\/v2\/product\/64135"}],"collection":[{"href":"https:\/\/profitstore.pl\/index.php\/wp-json\/wp\/v2\/product"}],"about":[{"href":"https:\/\/profitstore.pl\/index.php\/wp-json\/wp\/v2\/types\/product"}],"wp:featuredmedia":[{"embeddable":true,"href":"https:\/\/profitstore.pl\/index.php\/wp-json\/wp\/v2\/media\/64136"}],"wp:attachment":[{"href":"https:\/\/profitstore.pl\/index.php\/wp-json\/wp\/v2\/media?parent=64135"}],"curies":[{"name":"wp","href":"https:\/\/api.w.org\/{rel}","templated":true}]}}