{"id":64131,"date":"2026-04-24T07:15:28","date_gmt":"2026-04-24T07:15:28","guid":{"rendered":"https:\/\/profitstore.pl\/index.php\/produkt\/filtr-eu4-do-salda-vega-700e-715x311x25\/"},"modified":"2026-04-24T07:15:30","modified_gmt":"2026-04-24T07:15:30","slug":"filtr-eu4-do-salda-vega-700e-715x311x25","status":"publish","type":"product","link":"https:\/\/profitstore.pl\/index.php\/produkt\/filtr-eu4-do-salda-vega-700e-715x311x25\/","title":{"rendered":"Filtr EU4 do SALDA VEGA 700E (715x311x25)"},"content":{"rendered":"<p>Specyfikacja: Cena wy\u015bwietlana dotyczy 1 szt. filtra\u00a0w wybranej klasie filtracji i ramce Wymiar filtra:\u00a0 715x311x25 \u00a0 mm Klasa filtracji: EU4\/G4 Wk\u0142ad filtra:\u00a0 w\u0142\u00f3knina filtracyjna Ramka: \u00a0metalowa Filtr kasetowy pasuj\u0105cy do central SALDA VEGA 700 E Filtr\u00a0jest zamiennikiem. Nazwy urz\u0105dze\u0144, cz\u0119\u015bci i marek zosta\u0142y u\u017cyte w celu identyfikacji produktu.<\/p>\n<p>Poni\u017cej przedstawiamy sprzedawany produkt:<\/p>\n<p><img src=\"https:\/\/pureventfilters.eu\/3082-large_default\/filtr-eu4-do-salda-vega-700e-715x311x25.jpg\" alt=\"Filtr EU4 do SALDA VEGA 700E (715x311x25)\" \/><\/p>\n","protected":false},"excerpt":{"rendered":"<p>Specyfikacja: Cena wy\u015bwietlana dotyczy 1 szt. filtra\u00a0w wybranej klasie filtracji i ramce Wymiar filtra:\u00a0 715x311x25 \u00a0 mm Klasa filtracji: EU4\/G4 Wk\u0142ad filtra:\u00a0 w\u0142\u00f3knina filtracyjna Ramka: \u00a0metalowa Filtr kasetowy pasuj\u0105cy do central SALDA VEGA 700 E Filtr\u00a0jest zamiennikiem. Nazwy urz\u0105dze\u0144, cz\u0119\u015bci i marek zosta\u0142y u\u017cyte w celu identyfikacji produktu. Poni\u017cej przedstawiamy sprzedawany produkt:<\/p>\n","protected":false},"featured_media":28975,"template":"","meta":[],"_links":{"self":[{"href":"https:\/\/profitstore.pl\/index.php\/wp-json\/wp\/v2\/product\/64131"}],"collection":[{"href":"https:\/\/profitstore.pl\/index.php\/wp-json\/wp\/v2\/product"}],"about":[{"href":"https:\/\/profitstore.pl\/index.php\/wp-json\/wp\/v2\/types\/product"}],"wp:featuredmedia":[{"embeddable":true,"href":"https:\/\/profitstore.pl\/index.php\/wp-json\/wp\/v2\/media\/28975"}],"wp:attachment":[{"href":"https:\/\/profitstore.pl\/index.php\/wp-json\/wp\/v2\/media?parent=64131"}],"curies":[{"name":"wp","href":"https:\/\/api.w.org\/{rel}","templated":true}]}}