{"id":64127,"date":"2026-04-23T17:07:26","date_gmt":"2026-04-23T17:07:26","guid":{"rendered":"https:\/\/profitstore.pl\/index.php\/produkt\/filtr-kasetowy-do-fresh-podvent-2-0-270x86x46\/"},"modified":"2026-04-23T17:07:26","modified_gmt":"2026-04-23T17:07:26","slug":"filtr-kasetowy-do-fresh-podvent-2-0-270x86x46","status":"publish","type":"product","link":"https:\/\/profitstore.pl\/index.php\/produkt\/filtr-kasetowy-do-fresh-podvent-2-0-270x86x46\/","title":{"rendered":"Filtr kasetowy do FRESH PODVENT 2.0 (270x86x46)"},"content":{"rendered":"<p>Filtr kasetowy\u00a0 1 szt.\u00a0 pasuj\u0105cy do centrali marki FRESH PODVENT 2.0. Wymiary:\u00a0 270x86x46 Klasa filtracji wg EN 779:2012 : do wyboru\u00a0 F7 i M5 Ramka filtra: kartonowa Wk\u0142ad filtra: mata filtracyjna MiniPleat\u00a0 Producent zaleca monta\u017c\u00a0 dw\u00f3ch \u00a0filtr\u00f3w w centrali:\u00a0 opcja 1: filtr w klasie filtracji\u00a0 F7 + \u00a0filtr w klasie filtracji\u00a0 F5 opcja 2: 2szt. x filtr w klasie filtracji F5 .\u00a0 Filtry s\u0105 zamiennikami, nazwy producent\u00f3w i marek zosta\u0142y u\u017cyte w celu identyfikacji produktu.<\/p>\n<p>Poni\u017cej przedstawiamy sprzedawany produkt:<\/p>\n<p><img src=\"https:\/\/pureventfilters.eu\/3073-large_default\/filtr-kasetowy-do-fresh-podvent-20-270x86x46.jpg\" alt=\"Filtr kasetowy do FRESH PODVENT 2.0 (270x86x46)\" \/><\/p>\n","protected":false},"excerpt":{"rendered":"<p>Filtr kasetowy\u00a0 1 szt.\u00a0 pasuj\u0105cy do centrali marki FRESH PODVENT 2.0. Wymiary:\u00a0 270x86x46 Klasa filtracji wg EN 779:2012 : do wyboru\u00a0 F7 i M5 Ramka filtra: kartonowa Wk\u0142ad filtra: mata filtracyjna MiniPleat\u00a0 Producent zaleca monta\u017c\u00a0 dw\u00f3ch \u00a0filtr\u00f3w w centrali:\u00a0 opcja 1: filtr w klasie filtracji\u00a0 F7 + \u00a0filtr w klasie filtracji\u00a0 F5 opcja 2: 2szt. [&hellip;]<\/p>\n","protected":false},"featured_media":28972,"template":"","meta":[],"_links":{"self":[{"href":"https:\/\/profitstore.pl\/index.php\/wp-json\/wp\/v2\/product\/64127"}],"collection":[{"href":"https:\/\/profitstore.pl\/index.php\/wp-json\/wp\/v2\/product"}],"about":[{"href":"https:\/\/profitstore.pl\/index.php\/wp-json\/wp\/v2\/types\/product"}],"wp:featuredmedia":[{"embeddable":true,"href":"https:\/\/profitstore.pl\/index.php\/wp-json\/wp\/v2\/media\/28972"}],"wp:attachment":[{"href":"https:\/\/profitstore.pl\/index.php\/wp-json\/wp\/v2\/media?parent=64127"}],"curies":[{"name":"wp","href":"https:\/\/api.w.org\/{rel}","templated":true}]}}