{"id":64125,"date":"2026-04-24T07:15:25","date_gmt":"2026-04-24T07:15:25","guid":{"rendered":"https:\/\/profitstore.pl\/index.php\/produkt\/filtr-eu7-do-rekuperatora-nikol-450-529x498x25\/"},"modified":"2026-04-24T07:15:26","modified_gmt":"2026-04-24T07:15:26","slug":"filtr-eu7-do-rekuperatora-nikol-450-529x498x25","status":"publish","type":"product","link":"https:\/\/profitstore.pl\/index.php\/produkt\/filtr-eu7-do-rekuperatora-nikol-450-529x498x25\/","title":{"rendered":"Filtr EU7 do rekuperatora NIKOL 450 (529x498x25)"},"content":{"rendered":"<p>Specyfikacja: Cena wy\u015bwietlana dotyczy 1 szt. filtra\u00a0w wybranej klasie filtracji Wymiar filtra:\u00a0 592x498x25\u00a0 mm Klasa filtracji: EU7 \/ F7 Wk\u0142ad filtra:\u00a0 mata plisowana MiniPleat Ramka: do wyboru\u00a0 kartonowa lub metalowa Filtr kasetowy pasuj\u0105cy do rekuperatora NIKOL 450.\u00a0 Filtr\u00a0jest zamiennikiem. Nazwy urz\u0105dze\u0144, cz\u0119\u015bci i marek zosta\u0142y u\u017cyte w celu identyfikacji produktu. W celu upewnienia si\u0119, \u017ce filtr pasuje do Pa\u0144stwa urz\u0105dzenia nale\u017cy zweryfikowa\u0107 wymiar filtra oraz klas\u0119 filtracji.\u00a0<\/p>\n<p>Poni\u017cej przedstawiamy sprzedawany produkt:<\/p>\n<p><img src=\"https:\/\/pureventfilters.eu\/3070-large_default\/filtr-eu7-do-rekuperatora-nikol-450-529x498x25.jpg\" alt=\"Filtr EU7 do rekuperatora NIKOL 450 (529x498x25)\" \/><\/p>\n","protected":false},"excerpt":{"rendered":"<p>Specyfikacja: Cena wy\u015bwietlana dotyczy 1 szt. filtra\u00a0w wybranej klasie filtracji Wymiar filtra:\u00a0 592x498x25\u00a0 mm Klasa filtracji: EU7 \/ F7 Wk\u0142ad filtra:\u00a0 mata plisowana MiniPleat Ramka: do wyboru\u00a0 kartonowa lub metalowa Filtr kasetowy pasuj\u0105cy do rekuperatora NIKOL 450.\u00a0 Filtr\u00a0jest zamiennikiem. Nazwy urz\u0105dze\u0144, cz\u0119\u015bci i marek zosta\u0142y u\u017cyte w celu identyfikacji produktu. W celu upewnienia si\u0119, \u017ce [&hellip;]<\/p>\n","protected":false},"featured_media":28971,"template":"","meta":[],"_links":{"self":[{"href":"https:\/\/profitstore.pl\/index.php\/wp-json\/wp\/v2\/product\/64125"}],"collection":[{"href":"https:\/\/profitstore.pl\/index.php\/wp-json\/wp\/v2\/product"}],"about":[{"href":"https:\/\/profitstore.pl\/index.php\/wp-json\/wp\/v2\/types\/product"}],"wp:featuredmedia":[{"embeddable":true,"href":"https:\/\/profitstore.pl\/index.php\/wp-json\/wp\/v2\/media\/28971"}],"wp:attachment":[{"href":"https:\/\/profitstore.pl\/index.php\/wp-json\/wp\/v2\/media?parent=64125"}],"curies":[{"name":"wp","href":"https:\/\/api.w.org\/{rel}","templated":true}]}}