{"id":64119,"date":"2026-04-23T17:07:23","date_gmt":"2026-04-23T17:07:23","guid":{"rendered":"https:\/\/profitstore.pl\/index.php\/produkt\/filtr-eu4-do-berluf-daytona-250-350-280x215x26\/"},"modified":"2026-04-23T17:07:24","modified_gmt":"2026-04-23T17:07:24","slug":"filtr-eu4-do-berluf-daytona-250-350-280x215x26","status":"publish","type":"product","link":"https:\/\/profitstore.pl\/index.php\/produkt\/filtr-eu4-do-berluf-daytona-250-350-280x215x26\/","title":{"rendered":"Filtr EU4 do BERLUF DAYTONA 250\/350 (280x215x26)"},"content":{"rendered":"<p>Specyfikacja: Cena dotyczy 1 szt. filtra Wymiar filtra: 280x215x26\u00a0mm Klasa filtracji: do wyboru\u00a0 EU4\/G4 Wk\u0142ad filtra:\u00a0 w\u0142\u00f3knina filtracyjna G4 Ramka: metalowa Filtr kasetowy pasuj\u0105cy do central BERLUF: DAYTONA 250 DAYTONA 350 Filtr\u00a0jest zamiennikiem. Nazwy urz\u0105dze\u0144, cz\u0119\u015bci i marek zosta\u0142y u\u017cyte w celu identyfikacji produktu.<\/p>\n<p>Poni\u017cej przedstawiamy sprzedawany produkt:<\/p>\n<p><img src=\"https:\/\/pureventfilters.eu\/3043-large_default\/filtr-eu4-do-berluf-daytona-250350-280x215x26.jpg\" alt=\"Filtr EU4 do BERLUF DAYTONA 250\/350 (280x215x26)\" \/><\/p>\n","protected":false},"excerpt":{"rendered":"<p>Specyfikacja: Cena dotyczy 1 szt. filtra Wymiar filtra: 280x215x26\u00a0mm Klasa filtracji: do wyboru\u00a0 EU4\/G4 Wk\u0142ad filtra:\u00a0 w\u0142\u00f3knina filtracyjna G4 Ramka: metalowa Filtr kasetowy pasuj\u0105cy do central BERLUF: DAYTONA 250 DAYTONA 350 Filtr\u00a0jest zamiennikiem. Nazwy urz\u0105dze\u0144, cz\u0119\u015bci i marek zosta\u0142y u\u017cyte w celu identyfikacji produktu. Poni\u017cej przedstawiamy sprzedawany produkt:<\/p>\n","protected":false},"featured_media":28965,"template":"","meta":[],"_links":{"self":[{"href":"https:\/\/profitstore.pl\/index.php\/wp-json\/wp\/v2\/product\/64119"}],"collection":[{"href":"https:\/\/profitstore.pl\/index.php\/wp-json\/wp\/v2\/product"}],"about":[{"href":"https:\/\/profitstore.pl\/index.php\/wp-json\/wp\/v2\/types\/product"}],"wp:featuredmedia":[{"embeddable":true,"href":"https:\/\/profitstore.pl\/index.php\/wp-json\/wp\/v2\/media\/28965"}],"wp:attachment":[{"href":"https:\/\/profitstore.pl\/index.php\/wp-json\/wp\/v2\/media?parent=64119"}],"curies":[{"name":"wp","href":"https:\/\/api.w.org\/{rel}","templated":true}]}}