{"id":64117,"date":"2026-04-24T07:15:22","date_gmt":"2026-04-24T07:15:22","guid":{"rendered":"https:\/\/profitstore.pl\/index.php\/produkt\/filtr-do-salda-rirs-200-v-eko-270x86x46\/"},"modified":"2026-04-24T07:15:24","modified_gmt":"2026-04-24T07:15:24","slug":"filtr-do-salda-rirs-200-v-eko-270x86x46","status":"publish","type":"product","link":"https:\/\/profitstore.pl\/index.php\/produkt\/filtr-do-salda-rirs-200-v-eko-270x86x46\/","title":{"rendered":"Filtr do SALDA RIRS 200 V EKO (270x86x46)"},"content":{"rendered":"<p>Specyfikacja: Cena wy\u015bwietlana dotyczy 1 szt. filtra\u00a0w wybranej klasie filtracji Wymiar filtra:\u00a0 745x350x46mm Klasa filtracji: do wyboru\u00a0 EU5\/M5 oraz EU7 \/ F7 Wk\u0142ad filtra:\u00a0 mata plisowana MiniPleat Ramka:\u00a0 kartonowa Filtr kasetowy pasuj\u0105cy do central SALDA: RIRS 200 V EKO Standardowo filtry montowane w centralach przez producenta wykonane s\u0105 w ramce kartonowej.\u00a0 Filtr\u00a0jest zamiennikiem. Nazwy urz\u0105dze\u0144, cz\u0119\u015bci i marek zosta\u0142y u\u017cyte w celu identyfikacji produktu.<\/p>\n<p>Poni\u017cej przedstawiamy sprzedawany produkt:<\/p>\n<p><img src=\"https:\/\/pureventfilters.eu\/3039-large_default\/filtr-do-salda-rirs-200-v-eko-270x86x46.jpg\" alt=\"Filtr do SALDA RIRS 200 V EKO (270x86x46)\" \/><\/p>\n","protected":false},"excerpt":{"rendered":"<p>Specyfikacja: Cena wy\u015bwietlana dotyczy 1 szt. filtra\u00a0w wybranej klasie filtracji Wymiar filtra:\u00a0 745x350x46mm Klasa filtracji: do wyboru\u00a0 EU5\/M5 oraz EU7 \/ F7 Wk\u0142ad filtra:\u00a0 mata plisowana MiniPleat Ramka:\u00a0 kartonowa Filtr kasetowy pasuj\u0105cy do central SALDA: RIRS 200 V EKO Standardowo filtry montowane w centralach przez producenta wykonane s\u0105 w ramce kartonowej.\u00a0 Filtr\u00a0jest zamiennikiem. Nazwy urz\u0105dze\u0144, [&hellip;]<\/p>\n","protected":false},"featured_media":28964,"template":"","meta":[],"_links":{"self":[{"href":"https:\/\/profitstore.pl\/index.php\/wp-json\/wp\/v2\/product\/64117"}],"collection":[{"href":"https:\/\/profitstore.pl\/index.php\/wp-json\/wp\/v2\/product"}],"about":[{"href":"https:\/\/profitstore.pl\/index.php\/wp-json\/wp\/v2\/types\/product"}],"wp:featuredmedia":[{"embeddable":true,"href":"https:\/\/profitstore.pl\/index.php\/wp-json\/wp\/v2\/media\/28964"}],"wp:attachment":[{"href":"https:\/\/profitstore.pl\/index.php\/wp-json\/wp\/v2\/media?parent=64117"}],"curies":[{"name":"wp","href":"https:\/\/api.w.org\/{rel}","templated":true}]}}