{"id":64093,"date":"2026-04-24T17:07:09","date_gmt":"2026-04-24T17:07:09","guid":{"rendered":"https:\/\/profitstore.pl\/index.php\/produkt\/filtr-wstepny-eu5-do-juwent-optimax-30-645x600x48\/"},"modified":"2026-04-24T17:07:10","modified_gmt":"2026-04-24T17:07:10","slug":"filtr-wstepny-eu5-do-juwent-optimax-30-645x600x48","status":"publish","type":"product","link":"https:\/\/profitstore.pl\/index.php\/produkt\/filtr-wstepny-eu5-do-juwent-optimax-30-645x600x48\/","title":{"rendered":"Filtr wst\u0119pny EU5 do JUWENT OptiMax-30 (645x600x48)"},"content":{"rendered":"<p>Filtr\u00a0 kasetowy wst\u0119pny \u00a0klasy M5\/EU5 \u00a0pasuj\u0105cych do central wentylacyjnych\u00a0 JUWENT OPTIMAX-30.\u00a0 W centrali wg karty katalogowej montowanych jest \u00a04 szt. filtr\u00f3w wst\u0119pnych M5 645x600x48 \u00a0oraz 2\u00a0szt. filtra kieszeniowego F7 645x600x500 . Filtry s\u0105 zamiennikami, nazwy producent\u00f3w i marek zosta\u0142y u\u017cyte w celu identyfikacji produktu.<\/p>\n<p>Poni\u017cej przedstawiamy sprzedawany produkt:<\/p>\n<p><img src=\"https:\/\/pureventfilters.eu\/2979-large_default\/filtr-wstepny-eu5-do-juwent-optimax-30-645x600x48.jpg\" alt=\"Filtr wst\u0119pny EU5 do JUWENT OptiMax-30 (645x600x48)\" \/><\/p>\n","protected":false},"excerpt":{"rendered":"<p>Filtr\u00a0 kasetowy wst\u0119pny \u00a0klasy M5\/EU5 \u00a0pasuj\u0105cych do central wentylacyjnych\u00a0 JUWENT OPTIMAX-30.\u00a0 W centrali wg karty katalogowej montowanych jest \u00a04 szt. filtr\u00f3w wst\u0119pnych M5 645x600x48 \u00a0oraz 2\u00a0szt. filtra kieszeniowego F7 645x600x500 . Filtry s\u0105 zamiennikami, nazwy producent\u00f3w i marek zosta\u0142y u\u017cyte w celu identyfikacji produktu. Poni\u017cej przedstawiamy sprzedawany produkt:<\/p>\n","protected":false},"featured_media":28942,"template":"","meta":[],"_links":{"self":[{"href":"https:\/\/profitstore.pl\/index.php\/wp-json\/wp\/v2\/product\/64093"}],"collection":[{"href":"https:\/\/profitstore.pl\/index.php\/wp-json\/wp\/v2\/product"}],"about":[{"href":"https:\/\/profitstore.pl\/index.php\/wp-json\/wp\/v2\/types\/product"}],"wp:featuredmedia":[{"embeddable":true,"href":"https:\/\/profitstore.pl\/index.php\/wp-json\/wp\/v2\/media\/28942"}],"wp:attachment":[{"href":"https:\/\/profitstore.pl\/index.php\/wp-json\/wp\/v2\/media?parent=64093"}],"curies":[{"name":"wp","href":"https:\/\/api.w.org\/{rel}","templated":true}]}}