{"id":64090,"date":"2026-04-24T17:07:07","date_gmt":"2026-04-24T17:07:07","guid":{"rendered":"https:\/\/profitstore.pl\/index.php\/produkt\/filtr-plaski-weglowy-do-wanas-350v-2-350h-2-480x190\/"},"modified":"2026-04-24T17:07:09","modified_gmt":"2026-04-24T17:07:09","slug":"filtr-plaski-weglowy-do-wanas-350v-2-350h-2-480x190","status":"publish","type":"product","link":"https:\/\/profitstore.pl\/index.php\/produkt\/filtr-plaski-weglowy-do-wanas-350v-2-350h-2-480x190\/","title":{"rendered":"Filtr p\u0142aski w\u0119glowy do WANAS 350V\/2, 350H\/2 (480&#215;190)"},"content":{"rendered":"<p>Filtr p\u0142aski klasy\u00a0 w\u0119glowy \u00a0o wymiarach\u00a0 480&#215;190 \u00a0pasuj\u0105cy do centrali\u00a0 WANAS: 350 V\/2 350 H\/2 Filtry s\u0105 zamiennikami, nazwy producent\u00f3w i modeli urz\u0105dze\u0144 zosta\u0142y wykorzystane jedynie do identyfikacji produktu<\/p>\n<p>Poni\u017cej przedstawiamy sprzedawany produkt:<\/p>\n<p><img src=\"https:\/\/pureventfilters.eu\/2955-large_default\/filtr-plaski-weglowy-do-wanas-350v2-350h2-480x190.jpg\" alt=\"Filtr p\u0142aski w\u0119glowy do WANAS 350V\/2, 350H\/2 (480x190)\" \/><\/p>\n","protected":false},"excerpt":{"rendered":"<p>Filtr p\u0142aski klasy\u00a0 w\u0119glowy \u00a0o wymiarach\u00a0 480&#215;190 \u00a0pasuj\u0105cy do centrali\u00a0 WANAS: 350 V\/2 350 H\/2 Filtry s\u0105 zamiennikami, nazwy producent\u00f3w i modeli urz\u0105dze\u0144 zosta\u0142y wykorzystane jedynie do identyfikacji produktu Poni\u017cej przedstawiamy sprzedawany produkt:<\/p>\n","protected":false},"featured_media":28937,"template":"","meta":[],"_links":{"self":[{"href":"https:\/\/profitstore.pl\/index.php\/wp-json\/wp\/v2\/product\/64090"}],"collection":[{"href":"https:\/\/profitstore.pl\/index.php\/wp-json\/wp\/v2\/product"}],"about":[{"href":"https:\/\/profitstore.pl\/index.php\/wp-json\/wp\/v2\/types\/product"}],"wp:featuredmedia":[{"embeddable":true,"href":"https:\/\/profitstore.pl\/index.php\/wp-json\/wp\/v2\/media\/28937"}],"wp:attachment":[{"href":"https:\/\/profitstore.pl\/index.php\/wp-json\/wp\/v2\/media?parent=64090"}],"curies":[{"name":"wp","href":"https:\/\/api.w.org\/{rel}","templated":true}]}}