{"id":64074,"date":"2026-04-24T17:07:01","date_gmt":"2026-04-24T17:07:01","guid":{"rendered":"https:\/\/profitstore.pl\/index.php\/produkt\/filtr-eu4-do-climagold-opal-1-460x335x50\/"},"modified":"2026-04-24T17:07:03","modified_gmt":"2026-04-24T17:07:03","slug":"filtr-eu4-do-climagold-opal-1-460x335x50","status":"publish","type":"product","link":"https:\/\/profitstore.pl\/index.php\/produkt\/filtr-eu4-do-climagold-opal-1-460x335x50\/","title":{"rendered":"Filtr EU4 do ClimaGold OPAL 1 (460x335x50)"},"content":{"rendered":"<p>Filtr\u00a0 kasetowy \u00a0klasy\u00a0 G4 \/ EU4 \u00a0pasuj\u0105cych do central wentylacyjnych\u00a0 CLIMA GOLD OPAL 1. Filtry s\u0105 zamiennikami, nazwy producent\u00f3w i marek zosta\u0142y u\u017cyte w celu identyfikacji produktu.<\/p>\n<p>Poni\u017cej przedstawiamy sprzedawany produkt:<\/p>\n<p><img src=\"https:\/\/pureventfilters.eu\/3819-large_default\/filtr-eu4-do-climagold-opal-1-460x335x50.jpg\" alt=\"Filtr EU4 do ClimaGold OPAL 1 (460x335x50)\" \/><\/p>\n","protected":false},"excerpt":{"rendered":"<p>Filtr\u00a0 kasetowy \u00a0klasy\u00a0 G4 \/ EU4 \u00a0pasuj\u0105cych do central wentylacyjnych\u00a0 CLIMA GOLD OPAL 1. Filtry s\u0105 zamiennikami, nazwy producent\u00f3w i marek zosta\u0142y u\u017cyte w celu identyfikacji produktu. Poni\u017cej przedstawiamy sprzedawany produkt:<\/p>\n","protected":false},"featured_media":64075,"template":"","meta":[],"_links":{"self":[{"href":"https:\/\/profitstore.pl\/index.php\/wp-json\/wp\/v2\/product\/64074"}],"collection":[{"href":"https:\/\/profitstore.pl\/index.php\/wp-json\/wp\/v2\/product"}],"about":[{"href":"https:\/\/profitstore.pl\/index.php\/wp-json\/wp\/v2\/types\/product"}],"wp:featuredmedia":[{"embeddable":true,"href":"https:\/\/profitstore.pl\/index.php\/wp-json\/wp\/v2\/media\/64075"}],"wp:attachment":[{"href":"https:\/\/profitstore.pl\/index.php\/wp-json\/wp\/v2\/media?parent=64074"}],"curies":[{"name":"wp","href":"https:\/\/api.w.org\/{rel}","templated":true}]}}