{"id":64066,"date":"2026-04-25T07:10:20","date_gmt":"2026-04-25T07:10:20","guid":{"rendered":"https:\/\/profitstore.pl\/index.php\/produkt\/filtr-eu7-do-komfovent-verso-r-3000-4000-4500-u-h-v-525x510x46\/"},"modified":"2026-04-25T07:10:21","modified_gmt":"2026-04-25T07:10:21","slug":"filtr-eu7-do-komfovent-verso-r-3000-4000-4500-u-h-v-525x510x46","status":"publish","type":"product","link":"https:\/\/profitstore.pl\/index.php\/produkt\/filtr-eu7-do-komfovent-verso-r-3000-4000-4500-u-h-v-525x510x46\/","title":{"rendered":"Filtr EU7 do KOMFOVENT VERSO R 3000 \/4000 \/ 4500 U\/H\/V (525x510x46)"},"content":{"rendered":"<p>Filtr kasetowy klasy \u00a0EU7\/F7 \u00a0pasuj\u0105cy\u00a0do centrali wentylacyjnej\u00a0 KOMFOVENT : VERSO R 3000 U VERSO R 3000\u00a0H VERSO R 3000 V VERSO R 4000 U VERSO R 4000\u00a0H VERSO R 4000 V VERSO R 4500 U VERSO R 4500\u00a0H VERSO R 4500 V Filtry s\u0105 zamiennikami, nazwy producent\u00f3w i marek zosta\u0142y u\u017cyte w celu identyfikacji produktu. Prowadzimy sprzeda\u017c filtr\u00f3w w kasecie metalowej gdzie zalet\u0105 takiego rozwi\u0105zania jest mo\u017cliwo\u015b\u0107 samodzielnej wymiany wk\u0142adu filtracyjnego, oraz obni\u017cenie koszt\u00f3w eksploatacji. Wk\u0142ady dost\u0119pne w atrakcyjnych cenach.<\/p>\n<p>Poni\u017cej przedstawiamy sprzedawany produkt:<\/p>\n<p><img src=\"https:\/\/pureventfilters.eu\/4735-large_default\/filtr-eu7-do-komfovent-verso-r-3000-4000-4500-uhv-525x510x46.jpg\" alt=\"Filtr EU7 do KOMFOVENT VERSO R 3000 \/4000 \/ 4500 U\/H\/V (525x510x46)\" \/><\/p>\n","protected":false},"excerpt":{"rendered":"<p>Filtr kasetowy klasy \u00a0EU7\/F7 \u00a0pasuj\u0105cy\u00a0do centrali wentylacyjnej\u00a0 KOMFOVENT : VERSO R 3000 U VERSO R 3000\u00a0H VERSO R 3000 V VERSO R 4000 U VERSO R 4000\u00a0H VERSO R 4000 V VERSO R 4500 U VERSO R 4500\u00a0H VERSO R 4500 V Filtry s\u0105 zamiennikami, nazwy producent\u00f3w i marek zosta\u0142y u\u017cyte w celu identyfikacji produktu. [&hellip;]<\/p>\n","protected":false},"featured_media":59067,"template":"","meta":[],"_links":{"self":[{"href":"https:\/\/profitstore.pl\/index.php\/wp-json\/wp\/v2\/product\/64066"}],"collection":[{"href":"https:\/\/profitstore.pl\/index.php\/wp-json\/wp\/v2\/product"}],"about":[{"href":"https:\/\/profitstore.pl\/index.php\/wp-json\/wp\/v2\/types\/product"}],"wp:featuredmedia":[{"embeddable":true,"href":"https:\/\/profitstore.pl\/index.php\/wp-json\/wp\/v2\/media\/59067"}],"wp:attachment":[{"href":"https:\/\/profitstore.pl\/index.php\/wp-json\/wp\/v2\/media?parent=64066"}],"curies":[{"name":"wp","href":"https:\/\/api.w.org\/{rel}","templated":true}]}}