{"id":64063,"date":"2026-04-24T17:06:58","date_gmt":"2026-04-24T17:06:58","guid":{"rendered":"https:\/\/profitstore.pl\/index.php\/produkt\/filtr-eu7-do-komfovent-verso-r-1600-1700-2000-2500-u-h-v-800x450x46\/"},"modified":"2026-04-24T17:06:59","modified_gmt":"2026-04-24T17:06:59","slug":"filtr-eu7-do-komfovent-verso-r-1600-1700-2000-2500-u-h-v-800x450x46","status":"publish","type":"product","link":"https:\/\/profitstore.pl\/index.php\/produkt\/filtr-eu7-do-komfovent-verso-r-1600-1700-2000-2500-u-h-v-800x450x46\/","title":{"rendered":"Filtr EU7 do KOMFOVENT VERSO R 1600\/1700\/2000\/2500 U\/H\/V (800x450x46)"},"content":{"rendered":"<p>Filtr kasetowy klasy F7\/EU7 pasuj\u0105cy do centrali wentylacyjnej KOMFOVENT: VERSO R 1600 U VERSO R 1600 H VERSO R 1600 V VERSO R 1700 U VERSO R 1700 H VERSO R 1700 V VERSO R 2000 U VERSO R 2000 H VERSO R 2000 V VERSO R 2500 U VERSO R 2500 H VERSO R 2500 V Filtr kasetowy Wymiary: 800x450x46 Dost\u0119pna klasa filtracji wg EN 779:2012 : F7 Wk\u0142ad filtra: mata plisowana MiniPleat Standardowa klasa filtracji w powy\u017cszych centralach to EU5, klasa filtracji EU7 wyst\u0119puj\u0105ca w naszej ofercie jest jako opcja &#8211; dozwolona przez producenta. Prowadzimy sprzeda\u017c filtr\u00f3w w kasecie metalowej gdzie zalet\u0105 takiego rozwi\u0105zania jest mo\u017cliwo\u015b\u0107 samodzielnej wymiany wk\u0142adu filtracyjnego, oraz obni\u017cenie koszt\u00f3w eksploatacji. Wk\u0142ady dost\u0119pne w atrakcyjnych cenach. Filtr\u00a0jest zamiennikiem. Nazwy urz\u0105dze\u0144, cz\u0119\u015bci i marek zosta\u0142y u\u017cyte w celu identyfikacji produktu.<\/p>\n<p>Poni\u017cej przedstawiamy sprzedawany produkt:<\/p>\n<p><img src=\"https:\/\/pureventfilters.eu\/4726-large_default\/filtr-eu7-do-komfovent-verso-r-1600170020002500-uhv-800x450x46.jpg\" alt=\"Filtr EU7 do KOMFOVENT VERSO R 1600\/1700\/2000\/2500 U\/H\/V (800x450x46)\" \/><\/p>\n","protected":false},"excerpt":{"rendered":"<p>Filtr kasetowy klasy F7\/EU7 pasuj\u0105cy do centrali wentylacyjnej KOMFOVENT: VERSO R 1600 U VERSO R 1600 H VERSO R 1600 V VERSO R 1700 U VERSO R 1700 H VERSO R 1700 V VERSO R 2000 U VERSO R 2000 H VERSO R 2000 V VERSO R 2500 U VERSO R 2500 H VERSO R [&hellip;]<\/p>\n","protected":false},"featured_media":59063,"template":"","meta":[],"_links":{"self":[{"href":"https:\/\/profitstore.pl\/index.php\/wp-json\/wp\/v2\/product\/64063"}],"collection":[{"href":"https:\/\/profitstore.pl\/index.php\/wp-json\/wp\/v2\/product"}],"about":[{"href":"https:\/\/profitstore.pl\/index.php\/wp-json\/wp\/v2\/types\/product"}],"wp:featuredmedia":[{"embeddable":true,"href":"https:\/\/profitstore.pl\/index.php\/wp-json\/wp\/v2\/media\/59063"}],"wp:attachment":[{"href":"https:\/\/profitstore.pl\/index.php\/wp-json\/wp\/v2\/media?parent=64063"}],"curies":[{"name":"wp","href":"https:\/\/api.w.org\/{rel}","templated":true}]}}