{"id":64051,"date":"2026-04-25T07:10:15","date_gmt":"2026-04-25T07:10:15","guid":{"rendered":"https:\/\/profitstore.pl\/index.php\/produkt\/filtr-eu7-do-komfovent-domekt-r-500-v-h-oraz-700-v-h-540x260x46\/"},"modified":"2026-04-25T07:10:16","modified_gmt":"2026-04-25T07:10:16","slug":"filtr-eu7-do-komfovent-domekt-r-500-v-h-oraz-700-v-h-540x260x46","status":"publish","type":"product","link":"https:\/\/profitstore.pl\/index.php\/produkt\/filtr-eu7-do-komfovent-domekt-r-500-v-h-oraz-700-v-h-540x260x46\/","title":{"rendered":"Filtr EU7 do KOMFOVENT DOMEKT R 500 V\/H oraz 700 V\/H (540x260x46)"},"content":{"rendered":"<p>Filtr kasetowy klasy \u00a0F7\/EU7 \u00a0pasuj\u0105cy do centrali wentylacyjnej\u00a0 KOMFOVENT : DOMEKT R 500 H DOMEKT R \u00a0500\u00a0V DOMEKT R\u00a0 700 H DOMEKT R\u00a0 700 V Filtry s\u0105 zamiennikami, nazwy producent\u00f3w i marek zosta\u0142y u\u017cyte w celu identyfikacji produktu. Prowadzimy sprzeda\u017c filtr\u00f3w w kasecie metalowej gdzie zalet\u0105 takiego rozwi\u0105zania jest mo\u017cliwo\u015b\u0107 samodzielnej wymiany wk\u0142adu filtracyjnego, oraz obni\u017cenie koszt\u00f3w eksploatacji. Wk\u0142ady dost\u0119pne w atrakcyjnych cenach.<\/p>\n<p>Poni\u017cej przedstawiamy sprzedawany produkt:<\/p>\n<p><img src=\"https:\/\/pureventfilters.eu\/4717-large_default\/filtr-eu7-do-komfovent-domekt-r-500-vh-oraz-700-vh-540x260x46.jpg\" alt=\"Filtr EU7 do KOMFOVENT DOMEKT R 500 V\/H oraz 700 V\/H (540x260x46)\" \/><\/p>\n","protected":false},"excerpt":{"rendered":"<p>Filtr kasetowy klasy \u00a0F7\/EU7 \u00a0pasuj\u0105cy do centrali wentylacyjnej\u00a0 KOMFOVENT : DOMEKT R 500 H DOMEKT R \u00a0500\u00a0V DOMEKT R\u00a0 700 H DOMEKT R\u00a0 700 V Filtry s\u0105 zamiennikami, nazwy producent\u00f3w i marek zosta\u0142y u\u017cyte w celu identyfikacji produktu. Prowadzimy sprzeda\u017c filtr\u00f3w w kasecie metalowej gdzie zalet\u0105 takiego rozwi\u0105zania jest mo\u017cliwo\u015b\u0107 samodzielnej wymiany wk\u0142adu filtracyjnego, oraz [&hellip;]<\/p>\n","protected":false},"featured_media":59051,"template":"","meta":[],"_links":{"self":[{"href":"https:\/\/profitstore.pl\/index.php\/wp-json\/wp\/v2\/product\/64051"}],"collection":[{"href":"https:\/\/profitstore.pl\/index.php\/wp-json\/wp\/v2\/product"}],"about":[{"href":"https:\/\/profitstore.pl\/index.php\/wp-json\/wp\/v2\/types\/product"}],"wp:featuredmedia":[{"embeddable":true,"href":"https:\/\/profitstore.pl\/index.php\/wp-json\/wp\/v2\/media\/59051"}],"wp:attachment":[{"href":"https:\/\/profitstore.pl\/index.php\/wp-json\/wp\/v2\/media?parent=64051"}],"curies":[{"name":"wp","href":"https:\/\/api.w.org\/{rel}","templated":true}]}}