{"id":64004,"date":"2026-04-24T07:13:26","date_gmt":"2026-04-24T07:13:26","guid":{"rendered":"https:\/\/profitstore.pl\/index.php\/produkt\/filtr-eu7-do-komfovent-domekt-s-800-f-371x287x46\/"},"modified":"2026-04-24T07:13:28","modified_gmt":"2026-04-24T07:13:28","slug":"filtr-eu7-do-komfovent-domekt-s-800-f-371x287x46","status":"publish","type":"product","link":"https:\/\/profitstore.pl\/index.php\/produkt\/filtr-eu7-do-komfovent-domekt-s-800-f-371x287x46\/","title":{"rendered":"Filtr EU7 do KOMFOVENT DOMEKT S 800 F (371x287x46)"},"content":{"rendered":"<p>Filtr kasetowy klasy F7\/EU7 pasuj\u0105cy do centrali wentylacyjnej KOMFOVENT DOMEKT S 800 F.\u00a0 \u00a0 Prowadzimy sprzeda\u017c filtr\u00f3w w kasecie metalowej gdzie zalet\u0105 takiego rozwi\u0105zania jest mo\u017cliwo\u015b\u0107 samodzielnej wymiany wk\u0142adu filtracyjnego, oraz obni\u017cenie koszt\u00f3w eksploatacji. Wk\u0142ady dost\u0119pne w atrakcyjnych cenach w pozosta\u0142ych ofertach. Filtr\u00a0jest zamiennikiem. Nazwy urz\u0105dze\u0144, cz\u0119\u015bci i marek zosta\u0142y u\u017cyte w celu identyfikacji produktu.<\/p>\n<p>Poni\u017cej przedstawiamy sprzedawany produkt:<\/p>\n<p><img src=\"https:\/\/pureventfilters.eu\/2837-large_default\/filtr-eu7-do-komfovent-domekt-s-800-f-371x287x46.jpg\" alt=\"Filtr EU7 do KOMFOVENT DOMEKT S 800 F (371x287x46)\" \/><\/p>\n","protected":false},"excerpt":{"rendered":"<p>Filtr kasetowy klasy F7\/EU7 pasuj\u0105cy do centrali wentylacyjnej KOMFOVENT DOMEKT S 800 F.\u00a0 \u00a0 Prowadzimy sprzeda\u017c filtr\u00f3w w kasecie metalowej gdzie zalet\u0105 takiego rozwi\u0105zania jest mo\u017cliwo\u015b\u0107 samodzielnej wymiany wk\u0142adu filtracyjnego, oraz obni\u017cenie koszt\u00f3w eksploatacji. Wk\u0142ady dost\u0119pne w atrakcyjnych cenach w pozosta\u0142ych ofertach. Filtr\u00a0jest zamiennikiem. Nazwy urz\u0105dze\u0144, cz\u0119\u015bci i marek zosta\u0142y u\u017cyte w celu identyfikacji produktu. [&hellip;]<\/p>\n","protected":false},"featured_media":28888,"template":"","meta":[],"_links":{"self":[{"href":"https:\/\/profitstore.pl\/index.php\/wp-json\/wp\/v2\/product\/64004"}],"collection":[{"href":"https:\/\/profitstore.pl\/index.php\/wp-json\/wp\/v2\/product"}],"about":[{"href":"https:\/\/profitstore.pl\/index.php\/wp-json\/wp\/v2\/types\/product"}],"wp:featuredmedia":[{"embeddable":true,"href":"https:\/\/profitstore.pl\/index.php\/wp-json\/wp\/v2\/media\/28888"}],"wp:attachment":[{"href":"https:\/\/profitstore.pl\/index.php\/wp-json\/wp\/v2\/media?parent=64004"}],"curies":[{"name":"wp","href":"https:\/\/api.w.org\/{rel}","templated":true}]}}