{"id":64000,"date":"2026-04-26T07:09:51","date_gmt":"2026-04-26T07:09:51","guid":{"rendered":"https:\/\/profitstore.pl\/index.php\/produkt\/filtr-eu4-do-vents-vut-600-pe-pw-ec-394x237x140\/"},"modified":"2026-04-26T07:09:53","modified_gmt":"2026-04-26T07:09:53","slug":"filtr-eu4-do-vents-vut-600-pe-pw-ec-394x237x140","status":"publish","type":"product","link":"https:\/\/profitstore.pl\/index.php\/produkt\/filtr-eu4-do-vents-vut-600-pe-pw-ec-394x237x140\/","title":{"rendered":"Filtr EU4 do VENTS VUT 600 PE\/PW EC (394x237x140)"},"content":{"rendered":"<p>Filtr\u00a0 kieszeniowy \u00a0klasy\u00a0 G4 \/ EU4 \u00a0o wymiarach\u00a0 394x237x140 \u00a0mm\u00a0w\u00a0ramce metalowej pasuj\u0105cy do central VENTS: VUT 600 PE EC VUT 600 PW EC Filtry s\u0105 zamiennikami, nazwy producent\u00f3w i marek zosta\u0142y u\u017cyte w celu identyfikacji produktu. Zdj\u0119cie produktu jest zdj\u0119ciem pogl\u0105dowym.\u00a0<\/p>\n<p>Poni\u017cej przedstawiamy sprzedawany produkt:<\/p>\n<p><img src=\"https:\/\/pureventfilters.eu\/3917-large_default\/filtr-eu4-do-vents-vut-600-pepw-ec-394x237x140.jpg\" alt=\"Filtr EU4 do VENTS VUT 600 PE\/PW EC (394x237x140)\" \/><\/p>\n","protected":false},"excerpt":{"rendered":"<p>Filtr\u00a0 kieszeniowy \u00a0klasy\u00a0 G4 \/ EU4 \u00a0o wymiarach\u00a0 394x237x140 \u00a0mm\u00a0w\u00a0ramce metalowej pasuj\u0105cy do central VENTS: VUT 600 PE EC VUT 600 PW EC Filtry s\u0105 zamiennikami, nazwy producent\u00f3w i marek zosta\u0142y u\u017cyte w celu identyfikacji produktu. Zdj\u0119cie produktu jest zdj\u0119ciem pogl\u0105dowym.\u00a0 Poni\u017cej przedstawiamy sprzedawany produkt:<\/p>\n","protected":false},"featured_media":64001,"template":"","meta":[],"_links":{"self":[{"href":"https:\/\/profitstore.pl\/index.php\/wp-json\/wp\/v2\/product\/64000"}],"collection":[{"href":"https:\/\/profitstore.pl\/index.php\/wp-json\/wp\/v2\/product"}],"about":[{"href":"https:\/\/profitstore.pl\/index.php\/wp-json\/wp\/v2\/types\/product"}],"wp:featuredmedia":[{"embeddable":true,"href":"https:\/\/profitstore.pl\/index.php\/wp-json\/wp\/v2\/media\/64001"}],"wp:attachment":[{"href":"https:\/\/profitstore.pl\/index.php\/wp-json\/wp\/v2\/media?parent=64000"}],"curies":[{"name":"wp","href":"https:\/\/api.w.org\/{rel}","templated":true}]}}