{"id":63996,"date":"2026-04-21T17:09:26","date_gmt":"2026-04-21T17:09:26","guid":{"rendered":"https:\/\/profitstore.pl\/index.php\/produkt\/filtr-eu4-do-pro-vent-mistral-400-pro-485x235x19\/"},"modified":"2026-04-21T17:09:26","modified_gmt":"2026-04-21T17:09:26","slug":"filtr-eu4-do-pro-vent-mistral-400-pro-485x235x19","status":"publish","type":"product","link":"https:\/\/profitstore.pl\/index.php\/produkt\/filtr-eu4-do-pro-vent-mistral-400-pro-485x235x19\/","title":{"rendered":"Filtr EU4 do PRO-VENT MISTRAL 400 PRO (485x235x19)"},"content":{"rendered":"<p>Filtr\u00a0 kasetowy \u00a0klasy\u00a0 G4\/EU4 \u00a0pasuj\u0105cych do central wentylacyjnych\u00a0 PRO-VENT MISTRAL 400 PRO Filtry s\u0105 zamiennikami, nazwy producent\u00f3w i marek zosta\u0142y u\u017cyte w celu identyfikacji produktu.<\/p>\n<p>Poni\u017cej przedstawiamy sprzedawany produkt:<\/p>\n<p><img src=\"https:\/\/pureventfilters.eu\/2818-large_default\/filtr-eu4-do-pro-vent-mistral-400-pro-485x235x19.jpg\" alt=\"Filtr EU4 do PRO-VENT MISTRAL 400 PRO (485x235x19)\" \/><\/p>\n","protected":false},"excerpt":{"rendered":"<p>Filtr\u00a0 kasetowy \u00a0klasy\u00a0 G4\/EU4 \u00a0pasuj\u0105cych do central wentylacyjnych\u00a0 PRO-VENT MISTRAL 400 PRO Filtry s\u0105 zamiennikami, nazwy producent\u00f3w i marek zosta\u0142y u\u017cyte w celu identyfikacji produktu. Poni\u017cej przedstawiamy sprzedawany produkt:<\/p>\n","protected":false},"featured_media":28878,"template":"","meta":[],"_links":{"self":[{"href":"https:\/\/profitstore.pl\/index.php\/wp-json\/wp\/v2\/product\/63996"}],"collection":[{"href":"https:\/\/profitstore.pl\/index.php\/wp-json\/wp\/v2\/product"}],"about":[{"href":"https:\/\/profitstore.pl\/index.php\/wp-json\/wp\/v2\/types\/product"}],"wp:featuredmedia":[{"embeddable":true,"href":"https:\/\/profitstore.pl\/index.php\/wp-json\/wp\/v2\/media\/28878"}],"wp:attachment":[{"href":"https:\/\/profitstore.pl\/index.php\/wp-json\/wp\/v2\/media?parent=63996"}],"curies":[{"name":"wp","href":"https:\/\/api.w.org\/{rel}","templated":true}]}}