{"id":63995,"date":"2026-04-26T07:09:49","date_gmt":"2026-04-26T07:09:49","guid":{"rendered":"https:\/\/profitstore.pl\/index.php\/produkt\/filtr-plaski-pvf-eu4-380x235\/"},"modified":"2026-04-26T07:09:51","modified_gmt":"2026-04-26T07:09:51","slug":"filtr-plaski-pvf-eu4-380x235","status":"publish","type":"product","link":"https:\/\/profitstore.pl\/index.php\/produkt\/filtr-plaski-pvf-eu4-380x235\/","title":{"rendered":"Filtr p\u0142aski PVF EU4 (380&#215;235)"},"content":{"rendered":"<p>Filtr p\u0142aski klasy\u00a0 G4\/EU4 \u00a0o wymiarach\u00a0 380&#215;235 pasuj\u0105cy do\u00a0filtra kana\u0142owego.\u00a0 Filtry s\u0105 zamiennikami, nazwy producent\u00f3w i modeli urz\u0105dze\u0144 zosta\u0142y wykorzystane jedynie do identyfikacji produktu.<\/p>\n<p>Poni\u017cej przedstawiamy sprzedawany produkt:<\/p>\n<p><img src=\"https:\/\/pureventfilters.eu\/2816-large_default\/filtr-plaski-pvf-eu4-380x235.jpg\" alt=\"Filtr p\u0142aski PVF EU4 (380x235)\" \/><\/p>\n","protected":false},"excerpt":{"rendered":"<p>Filtr p\u0142aski klasy\u00a0 G4\/EU4 \u00a0o wymiarach\u00a0 380&#215;235 pasuj\u0105cy do\u00a0filtra kana\u0142owego.\u00a0 Filtry s\u0105 zamiennikami, nazwy producent\u00f3w i modeli urz\u0105dze\u0144 zosta\u0142y wykorzystane jedynie do identyfikacji produktu. Poni\u017cej przedstawiamy sprzedawany produkt:<\/p>\n","protected":false},"featured_media":28877,"template":"","meta":[],"_links":{"self":[{"href":"https:\/\/profitstore.pl\/index.php\/wp-json\/wp\/v2\/product\/63995"}],"collection":[{"href":"https:\/\/profitstore.pl\/index.php\/wp-json\/wp\/v2\/product"}],"about":[{"href":"https:\/\/profitstore.pl\/index.php\/wp-json\/wp\/v2\/types\/product"}],"wp:featuredmedia":[{"embeddable":true,"href":"https:\/\/profitstore.pl\/index.php\/wp-json\/wp\/v2\/media\/28877"}],"wp:attachment":[{"href":"https:\/\/profitstore.pl\/index.php\/wp-json\/wp\/v2\/media?parent=63995"}],"curies":[{"name":"wp","href":"https:\/\/api.w.org\/{rel}","templated":true}]}}